{"id":3715,"date":"2025-05-11T15:09:41","date_gmt":"2025-05-11T07:09:41","guid":{"rendered":"https:\/\/sunrise-elevators.com\/?post_type=product&#038;p=3715"},"modified":"2025-05-11T15:13:32","modified_gmt":"2025-05-11T07:13:32","slug":"tableau-de-controle-de-lascenseur","status":"publish","type":"product","link":"https:\/\/sunrise-elevators.com\/fr\/product\/tableau-de-controle-de-lascenseur\/","title":{"rendered":"TABLEAU DE CONTR\u00d4LE DE L'ASCENSEUR"},"content":{"rendered":"<div style=\"height:20px\" aria-hidden=\"true\" class=\"wp-block-spacer\"><\/div>\n\n\n\n<div class=\"wp-block-buttons is-content-justification-center is-layout-flex wp-container-core-buttons-is-layout-a89b3969 wp-block-buttons-is-layout-flex\">\n<div class=\"wp-block-button has-custom-width wp-block-button__width-75 is-style-fill\"><a class=\"wp-block-button__link has-white-color has-black-background-color has-text-color has-background has-link-color has-small-font-size has-text-align-center has-custom-font-size wp-element-button\" href=\"mailto:info@sunrise-elevators.com\" style=\"padding-top:20px;padding-right:20px;padding-bottom:20px;padding-left:20px\" target=\"_blank\" rel=\"noreferrer noopener\"><mark style=\"background-color:rgba(0, 0, 0, 0)\" class=\"has-inline-color has-white-color\">info@sunrise-elevators.com (Cliquez sur l'enqu\u00eate)<\/mark>&nbsp;&nbsp;<strong>Obtenir un devis d\u00e9taill\u00e9 et un dessin,&nbsp;<\/strong>&nbsp;<strong><mark style=\"background-color:rgba(0, 0, 0, 0)\" class=\"has-inline-color has-luminous-vivid-amber-color\">Toujours le meilleur prix !<\/mark><\/strong><\/a><\/div>\n<\/div>\n\n\n\n<div style=\"height:30px\" aria-hidden=\"true\" class=\"wp-block-spacer\"><\/div>\n\n\n\n<div style=\"height:10px\" aria-hidden=\"true\" class=\"wp-block-spacer\"><\/div>\n\n\n\n<figure class=\"wp-block-gallery has-nested-images columns-4 is-cropped wp-block-gallery-1 is-layout-flex wp-block-gallery-is-layout-flex\">\n<figure class=\"wp-block-image size-full\"><img fetchpriority=\"high\" decoding=\"async\" width=\"800\" height=\"800\" data-id=\"3716\" src=\"https:\/\/sunrise-elevators.com\/wp-content\/uploads\/2025\/05\/K1.png\" alt=\"\" class=\"wp-image-3716\" srcset=\"https:\/\/sunrise-elevators.com\/wp-content\/uploads\/2025\/05\/K1.png 800w, https:\/\/sunrise-elevators.com\/wp-content\/uploads\/2025\/05\/K1-300x300.png 300w, https:\/\/sunrise-elevators.com\/wp-content\/uploads\/2025\/05\/K1-150x150.png 150w, https:\/\/sunrise-elevators.com\/wp-content\/uploads\/2025\/05\/K1-768x768.png 768w, https:\/\/sunrise-elevators.com\/wp-content\/uploads\/2025\/05\/K1-600x600.png 600w, https:\/\/sunrise-elevators.com\/wp-content\/uploads\/2025\/05\/K1-100x100.png 100w\" sizes=\"(max-width: 800px) 100vw, 800px\" \/><\/figure>\n\n\n\n<figure class=\"wp-block-image size-full\"><img decoding=\"async\" width=\"800\" height=\"800\" data-id=\"3717\" src=\"https:\/\/sunrise-elevators.com\/wp-content\/uploads\/2025\/05\/K2.png\" alt=\"\" class=\"wp-image-3717\" srcset=\"https:\/\/sunrise-elevators.com\/wp-content\/uploads\/2025\/05\/K2.png 800w, https:\/\/sunrise-elevators.com\/wp-content\/uploads\/2025\/05\/K2-300x300.png 300w, https:\/\/sunrise-elevators.com\/wp-content\/uploads\/2025\/05\/K2-150x150.png 150w, https:\/\/sunrise-elevators.com\/wp-content\/uploads\/2025\/05\/K2-768x768.png 768w, https:\/\/sunrise-elevators.com\/wp-content\/uploads\/2025\/05\/K2-600x600.png 600w, https:\/\/sunrise-elevators.com\/wp-content\/uploads\/2025\/05\/K2-100x100.png 100w\" sizes=\"(max-width: 800px) 100vw, 800px\" \/><\/figure>\n\n\n\n<figure class=\"wp-block-image size-full\"><img decoding=\"async\" width=\"800\" height=\"800\" data-id=\"3718\" src=\"https:\/\/sunrise-elevators.com\/wp-content\/uploads\/2025\/05\/K3.png\" alt=\"\" class=\"wp-image-3718\" srcset=\"https:\/\/sunrise-elevators.com\/wp-content\/uploads\/2025\/05\/K3.png 800w, https:\/\/sunrise-elevators.com\/wp-content\/uploads\/2025\/05\/K3-300x300.png 300w, https:\/\/sunrise-elevators.com\/wp-content\/uploads\/2025\/05\/K3-150x150.png 150w, https:\/\/sunrise-elevators.com\/wp-content\/uploads\/2025\/05\/K3-768x768.png 768w, https:\/\/sunrise-elevators.com\/wp-content\/uploads\/2025\/05\/K3-600x600.png 600w, https:\/\/sunrise-elevators.com\/wp-content\/uploads\/2025\/05\/K3-100x100.png 100w\" sizes=\"(max-width: 800px) 100vw, 800px\" \/><\/figure>\n\n\n\n<figure class=\"wp-block-image size-full\"><img loading=\"lazy\" decoding=\"async\" width=\"800\" height=\"800\" data-id=\"3719\" src=\"https:\/\/sunrise-elevators.com\/wp-content\/uploads\/2025\/05\/K4.png\" alt=\"\" class=\"wp-image-3719\" srcset=\"https:\/\/sunrise-elevators.com\/wp-content\/uploads\/2025\/05\/K4.png 800w, https:\/\/sunrise-elevators.com\/wp-content\/uploads\/2025\/05\/K4-300x300.png 300w, https:\/\/sunrise-elevators.com\/wp-content\/uploads\/2025\/05\/K4-150x150.png 150w, https:\/\/sunrise-elevators.com\/wp-content\/uploads\/2025\/05\/K4-768x768.png 768w, https:\/\/sunrise-elevators.com\/wp-content\/uploads\/2025\/05\/K4-600x600.png 600w, https:\/\/sunrise-elevators.com\/wp-content\/uploads\/2025\/05\/K4-100x100.png 100w\" sizes=\"(max-width: 800px) 100vw, 800px\" \/><\/figure>\n<\/figure>\n\n\n\n<div style=\"height:30px\" aria-hidden=\"true\" class=\"wp-block-spacer\"><\/div>\n\n\n\n<p><\/p>\n\n\n\n\n\n\n\n<p><\/p>","protected":false},"excerpt":{"rendered":"<p>SUNRISE ELEVATOR fournit une s\u00e9rie compl\u00e8te de tableaux de commande d'ascenseur, y compris presque toutes les marques d'ascenseur populaires sur le march\u00e9, telles que KON*, MITSUBISH*, MONARC*, STE*. Contactez-nous pour plus d'informations. .<\/p>\n<ul>\n<li><strong>Quantit\u00e9 minimale de commande : 1 pi\u00e8ce<\/strong><\/li>\n<li><strong>Capacit\u00e9 de production : 10000 pi\u00e8ces par mois<\/strong><\/li>\n<\/ul>","protected":false},"featured_media":3716,"comment_status":"open","ping_status":"closed","template":"","meta":[],"product_brand":[180],"product_cat":[26],"product_tag":[],"class_list":{"0":"post-3715","1":"product","2":"type-product","3":"status-publish","4":"has-post-thumbnail","6":"product_brand-sunrise","7":"product_cat-spare-parts","9":"first","10":"instock","11":"shipping-taxable","12":"product-type-simple"},"_links":{"self":[{"href":"https:\/\/sunrise-elevators.com\/fr\/wp-json\/wp\/v2\/product\/3715","targetHints":{"allow":["GET"]}}],"collection":[{"href":"https:\/\/sunrise-elevators.com\/fr\/wp-json\/wp\/v2\/product"}],"about":[{"href":"https:\/\/sunrise-elevators.com\/fr\/wp-json\/wp\/v2\/types\/product"}],"replies":[{"embeddable":true,"href":"https:\/\/sunrise-elevators.com\/fr\/wp-json\/wp\/v2\/comments?post=3715"}],"wp:featuredmedia":[{"embeddable":true,"href":"https:\/\/sunrise-elevators.com\/fr\/wp-json\/wp\/v2\/media\/3716"}],"wp:attachment":[{"href":"https:\/\/sunrise-elevators.com\/fr\/wp-json\/wp\/v2\/media?parent=3715"}],"wp:term":[{"taxonomy":"product_brand","embeddable":true,"href":"https:\/\/sunrise-elevators.com\/fr\/wp-json\/wp\/v2\/product_brand?post=3715"},{"taxonomy":"product_cat","embeddable":true,"href":"https:\/\/sunrise-elevators.com\/fr\/wp-json\/wp\/v2\/product_cat?post=3715"},{"taxonomy":"product_tag","embeddable":true,"href":"https:\/\/sunrise-elevators.com\/fr\/wp-json\/wp\/v2\/product_tag?post=3715"}],"curies":[{"name":"wp","href":"https:\/\/api.w.org\/{rel}","templated":true}]}}