{"id":3420,"date":"2025-05-10T00:50:19","date_gmt":"2025-05-09T16:50:19","guid":{"rendered":"https:\/\/sunrise-elevators.com\/?post_type=product&#038;p=3420"},"modified":"2025-05-10T01:15:59","modified_gmt":"2025-05-09T17:15:59","slug":"monte-plats","status":"publish","type":"product","link":"https:\/\/sunrise-elevators.com\/fr\/product\/monte-plats\/","title":{"rendered":"Monte-plats et convoyeur"},"content":{"rendered":"<div style=\"height:20px\" aria-hidden=\"true\" class=\"wp-block-spacer\"><\/div>\n\n\n\n<div class=\"wp-block-buttons is-content-justification-center is-layout-flex wp-container-core-buttons-is-layout-a89b3969 wp-block-buttons-is-layout-flex\">\n<div class=\"wp-block-button has-custom-width wp-block-button__width-75 is-style-fill\"><a class=\"wp-block-button__link has-white-color has-black-background-color has-text-color has-background has-link-color has-small-font-size has-text-align-center has-custom-font-size wp-element-button\" href=\"mailto:info@sunrise-elevators.com\" style=\"padding-top:20px;padding-right:20px;padding-bottom:20px;padding-left:20px\" target=\"_blank\" rel=\"noreferrer noopener\"><mark style=\"background-color:rgba(0, 0, 0, 0)\" class=\"has-inline-color has-white-color\">info@sunrise-elevators.com (Cliquez sur l'enqu\u00eate)<\/mark>&nbsp;&nbsp;<strong>Obtenir un devis d\u00e9taill\u00e9 et un dessin,&nbsp;<\/strong>&nbsp;<strong><mark style=\"background-color:rgba(0, 0, 0, 0)\" class=\"has-inline-color has-luminous-vivid-amber-color\">Toujours le meilleur prix !<\/mark><\/strong><\/a><\/div>\n<\/div>\n\n\n\n<div style=\"height:30px\" aria-hidden=\"true\" class=\"wp-block-spacer\"><\/div>\n\n\n\n<p class=\"has-text-align-left\">Vous en avez assez de tout porter vous-m\u00eame ? Ce qu'il vous faut, c'est le monte-plats SUNRISE pour transporter automatiquement la nourriture, la vaisselle et les n\u00e9cessit\u00e9s quotidiennes. Disposez d'un monte-plats dans votre villa, votre h\u00f4tel, votre centre commercial, etc. et profitez de la commodit\u00e9 d'un produit fiable. .<\/p>\n\n\n\n<div style=\"height:10px\" aria-hidden=\"true\" class=\"wp-block-spacer\"><\/div>\n\n\n\n<div style=\"height:30px\" aria-hidden=\"true\" class=\"wp-block-spacer\"><\/div>\n\n\n\n<figure class=\"wp-block-image size-large\"><img fetchpriority=\"high\" decoding=\"async\" width=\"1024\" height=\"124\" src=\"https:\/\/sunrise-elevators.com\/wp-content\/uploads\/2025\/05\/a92f25c2-1024x124.jpg\" alt=\"\" class=\"wp-image-3425\" srcset=\"https:\/\/sunrise-elevators.com\/wp-content\/uploads\/2025\/05\/a92f25c2-1024x124.jpg 1024w, https:\/\/sunrise-elevators.com\/wp-content\/uploads\/2025\/05\/a92f25c2-300x36.jpg 300w, https:\/\/sunrise-elevators.com\/wp-content\/uploads\/2025\/05\/a92f25c2-768x93.jpg 768w, https:\/\/sunrise-elevators.com\/wp-content\/uploads\/2025\/05\/a92f25c2-600x72.jpg 600w, https:\/\/sunrise-elevators.com\/wp-content\/uploads\/2025\/05\/a92f25c2.jpg 1300w\" sizes=\"(max-width: 1024px) 100vw, 1024px\" \/><\/figure>\n\n\n\n<figure class=\"wp-block-image size-large\"><img decoding=\"async\" width=\"819\" height=\"1024\" src=\"https:\/\/sunrise-elevators.com\/wp-content\/uploads\/2025\/05\/Dumbwaiter1-819x1024.jpg\" alt=\"\" class=\"wp-image-3426\" srcset=\"https:\/\/sunrise-elevators.com\/wp-content\/uploads\/2025\/05\/Dumbwaiter1-819x1024.jpg 819w, https:\/\/sunrise-elevators.com\/wp-content\/uploads\/2025\/05\/Dumbwaiter1-240x300.jpg 240w, https:\/\/sunrise-elevators.com\/wp-content\/uploads\/2025\/05\/Dumbwaiter1-768x960.jpg 768w, https:\/\/sunrise-elevators.com\/wp-content\/uploads\/2025\/05\/Dumbwaiter1-1229x1536.jpg 1229w, https:\/\/sunrise-elevators.com\/wp-content\/uploads\/2025\/05\/Dumbwaiter1-600x750.jpg 600w, https:\/\/sunrise-elevators.com\/wp-content\/uploads\/2025\/05\/Dumbwaiter1.jpg 1280w\" sizes=\"(max-width: 819px) 100vw, 819px\" \/><\/figure>\n\n\n\n<p><\/p>\n\n\n\n\n\n\n\n<p><\/p>","protected":false},"excerpt":{"rendered":"<p>Le monte-plats SUNRISE\uff0c est largement utilis\u00e9 pour la livraison de nourriture, de vaisselle et de produits de premi\u00e8re n\u00e9cessit\u00e9 dans les restaurants, les h\u00f4tels, les centres commerciaux, etc. Avec un syst\u00e8me de contr\u00f4le PLC et une structure unique, nous vous offrons un produit s\u00fbr, \u00e0 haute efficacit\u00e9 et fiable. .<\/p>\n<ul>\n<li><strong>Quantit\u00e9 minimale de commande : 1 pi\u00e8ce<\/strong><\/li>\n<li><strong>Capacit\u00e9 de production : 1000 pi\u00e8ces par mois<\/strong><\/li>\n<\/ul>","protected":false},"featured_media":3421,"comment_status":"open","ping_status":"closed","template":"","meta":[],"product_brand":[180],"product_cat":[15],"product_tag":[208,209,210,211],"class_list":{"0":"post-3420","1":"product","2":"type-product","3":"status-publish","4":"has-post-thumbnail","6":"product_brand-sunrise","7":"product_cat-lifts","8":"product_tag-dumbwaiter-manufacturer","9":"product_tag-good-quality-dumbwaiter","10":"product_tag-high-quality-dumbwaiter","11":"product_tag-laundry-dumbwaiter","13":"first","14":"instock","15":"shipping-taxable","16":"product-type-simple"},"_links":{"self":[{"href":"https:\/\/sunrise-elevators.com\/fr\/wp-json\/wp\/v2\/product\/3420","targetHints":{"allow":["GET"]}}],"collection":[{"href":"https:\/\/sunrise-elevators.com\/fr\/wp-json\/wp\/v2\/product"}],"about":[{"href":"https:\/\/sunrise-elevators.com\/fr\/wp-json\/wp\/v2\/types\/product"}],"replies":[{"embeddable":true,"href":"https:\/\/sunrise-elevators.com\/fr\/wp-json\/wp\/v2\/comments?post=3420"}],"wp:featuredmedia":[{"embeddable":true,"href":"https:\/\/sunrise-elevators.com\/fr\/wp-json\/wp\/v2\/media\/3421"}],"wp:attachment":[{"href":"https:\/\/sunrise-elevators.com\/fr\/wp-json\/wp\/v2\/media?parent=3420"}],"wp:term":[{"taxonomy":"product_brand","embeddable":true,"href":"https:\/\/sunrise-elevators.com\/fr\/wp-json\/wp\/v2\/product_brand?post=3420"},{"taxonomy":"product_cat","embeddable":true,"href":"https:\/\/sunrise-elevators.com\/fr\/wp-json\/wp\/v2\/product_cat?post=3420"},{"taxonomy":"product_tag","embeddable":true,"href":"https:\/\/sunrise-elevators.com\/fr\/wp-json\/wp\/v2\/product_tag?post=3420"}],"curies":[{"name":"wp","href":"https:\/\/api.w.org\/{rel}","templated":true}]}}