{"id":3408,"date":"2025-05-09T23:59:47","date_gmt":"2025-05-09T15:59:47","guid":{"rendered":"https:\/\/sunrise-elevators.com\/?post_type=product&#038;p=3408"},"modified":"2025-05-10T00:36:55","modified_gmt":"2025-05-09T16:36:55","slug":"monte-charge-monte-charges","status":"publish","type":"product","link":"https:\/\/sunrise-elevators.com\/fr\/product\/monte-charge-monte-charges\/","title":{"rendered":"Monte-charge et monte-charge"},"content":{"rendered":"<div style=\"height:20px\" aria-hidden=\"true\" class=\"wp-block-spacer\"><\/div>\n\n\n\n<div class=\"wp-block-buttons is-content-justification-center is-layout-flex wp-container-core-buttons-is-layout-a89b3969 wp-block-buttons-is-layout-flex\">\n<div class=\"wp-block-button has-custom-width wp-block-button__width-75 is-style-fill\"><a class=\"wp-block-button__link has-white-color has-black-background-color has-text-color has-background has-link-color has-small-font-size has-text-align-center has-custom-font-size wp-element-button\" href=\"mailto:info@sunrise-elevators.com\" style=\"padding-top:20px;padding-right:20px;padding-bottom:20px;padding-left:20px\" target=\"_blank\" rel=\"noreferrer noopener\"><mark style=\"background-color:rgba(0, 0, 0, 0)\" class=\"has-inline-color has-white-color\">info@sunrise-elevators.com (Cliquez sur l'enqu\u00eate)<\/mark>&nbsp;&nbsp;<strong>Obtenir un devis d\u00e9taill\u00e9 et un dessin,&nbsp;<\/strong>&nbsp;<strong><mark style=\"background-color:rgba(0, 0, 0, 0)\" class=\"has-inline-color has-luminous-vivid-amber-color\">Toujours le meilleur prix !<\/mark><\/strong><\/a><\/div>\n<\/div>\n\n\n\n<div style=\"height:30px\" aria-hidden=\"true\" class=\"wp-block-spacer\"><\/div>\n\n\n\n<p class=\"has-text-align-left\">Le syst\u00e8me de contr\u00f4le professionnel enti\u00e8rement informatis\u00e9, le style de conduite classique et fiable, les performances exceptionnelles de la structure de fonctionnement de la porte, le design de la cabine \u00e0 haute intensit\u00e9, font que nos monte-charges s'adaptent facilement \u00e0 diff\u00e9rents endroits. Avec des sp\u00e9cifications compl\u00e8tes, de bonnes performances, une grande fiabilit\u00e9 et un rapport performance-prix sup\u00e9rieur, les monte-charges SUNRISE fournissent des solutions pertinentes pour le transport de marchandises diversifi\u00e9es et peuvent s'adapter \u00e0 diff\u00e9rentes architectures. Ils sont largement utilis\u00e9s dans les lieux de transport de marchandises, tels que les usines, les lignes de production, les ateliers, les march\u00e9s, les centres commerciaux et les halls d'exposition.<\/p>\n\n\n\n<p class=\"has-text-align-left\"><strong>Sp\u00e9cifications<\/strong><br>1. Vitesse : 1,0 m\/s, 0,5 m\/s, 0,25 m\/s<br>2. Charge:1000kg \/ 2000kg \/ 3000kg \/ 4000kg \/ 5000kg<br>3. Traction \u00e0 engrenages \/ Traction sans engrenages \/ Hydraulique<br>4. avec une salle des machines \/ sans salle des machines<\/p>\n\n\n\n<div style=\"height:10px\" aria-hidden=\"true\" class=\"wp-block-spacer\"><\/div>\n\n\n\n<div style=\"height:30px\" aria-hidden=\"true\" class=\"wp-block-spacer\"><\/div>\n\n\n\n<figure class=\"wp-block-image size-large\"><img fetchpriority=\"high\" decoding=\"async\" width=\"1024\" height=\"138\" src=\"https:\/\/sunrise-elevators.com\/wp-content\/uploads\/2025\/05\/80922610-1024x138.jpg\" alt=\"\" class=\"wp-image-3414\" srcset=\"https:\/\/sunrise-elevators.com\/wp-content\/uploads\/2025\/05\/80922610-1024x138.jpg 1024w, https:\/\/sunrise-elevators.com\/wp-content\/uploads\/2025\/05\/80922610-300x40.jpg 300w, https:\/\/sunrise-elevators.com\/wp-content\/uploads\/2025\/05\/80922610-768x103.jpg 768w, https:\/\/sunrise-elevators.com\/wp-content\/uploads\/2025\/05\/80922610-600x81.jpg 600w, https:\/\/sunrise-elevators.com\/wp-content\/uploads\/2025\/05\/80922610.jpg 1300w\" sizes=\"(max-width: 1024px) 100vw, 1024px\" \/><\/figure>\n\n\n\n<figure class=\"wp-block-image size-large\"><img decoding=\"async\" width=\"1024\" height=\"113\" src=\"https:\/\/sunrise-elevators.com\/wp-content\/uploads\/2025\/05\/46ca554b-1024x113.jpg\" alt=\"\" class=\"wp-image-3415\" srcset=\"https:\/\/sunrise-elevators.com\/wp-content\/uploads\/2025\/05\/46ca554b-1024x113.jpg 1024w, https:\/\/sunrise-elevators.com\/wp-content\/uploads\/2025\/05\/46ca554b-300x33.jpg 300w, https:\/\/sunrise-elevators.com\/wp-content\/uploads\/2025\/05\/46ca554b-768x85.jpg 768w, https:\/\/sunrise-elevators.com\/wp-content\/uploads\/2025\/05\/46ca554b-600x66.jpg 600w, https:\/\/sunrise-elevators.com\/wp-content\/uploads\/2025\/05\/46ca554b.jpg 1300w\" sizes=\"(max-width: 1024px) 100vw, 1024px\" \/><\/figure>\n\n\n\n<figure class=\"wp-block-image size-large\"><img decoding=\"async\" width=\"1019\" height=\"1024\" src=\"https:\/\/sunrise-elevators.com\/wp-content\/uploads\/2025\/05\/b3ad42ab-1019x1024.jpg\" alt=\"\" class=\"wp-image-3416\" srcset=\"https:\/\/sunrise-elevators.com\/wp-content\/uploads\/2025\/05\/b3ad42ab-1019x1024.jpg 1019w, https:\/\/sunrise-elevators.com\/wp-content\/uploads\/2025\/05\/b3ad42ab-298x300.jpg 298w, https:\/\/sunrise-elevators.com\/wp-content\/uploads\/2025\/05\/b3ad42ab-150x150.jpg 150w, https:\/\/sunrise-elevators.com\/wp-content\/uploads\/2025\/05\/b3ad42ab-768x772.jpg 768w, https:\/\/sunrise-elevators.com\/wp-content\/uploads\/2025\/05\/b3ad42ab-300x300.jpg 300w, https:\/\/sunrise-elevators.com\/wp-content\/uploads\/2025\/05\/b3ad42ab-600x603.jpg 600w, https:\/\/sunrise-elevators.com\/wp-content\/uploads\/2025\/05\/b3ad42ab-100x100.jpg 100w, https:\/\/sunrise-elevators.com\/wp-content\/uploads\/2025\/05\/b3ad42ab.jpg 1300w\" sizes=\"(max-width: 1019px) 100vw, 1019px\" \/><\/figure>\n\n\n\n<figure class=\"wp-block-image size-large\"><img loading=\"lazy\" decoding=\"async\" width=\"921\" height=\"1024\" src=\"https:\/\/sunrise-elevators.com\/wp-content\/uploads\/2025\/05\/0b59f610-921x1024.jpg\" alt=\"\" class=\"wp-image-3417\" srcset=\"https:\/\/sunrise-elevators.com\/wp-content\/uploads\/2025\/05\/0b59f610-921x1024.jpg 921w, https:\/\/sunrise-elevators.com\/wp-content\/uploads\/2025\/05\/0b59f610-270x300.jpg 270w, https:\/\/sunrise-elevators.com\/wp-content\/uploads\/2025\/05\/0b59f610-768x854.jpg 768w, https:\/\/sunrise-elevators.com\/wp-content\/uploads\/2025\/05\/0b59f610-600x667.jpg 600w, https:\/\/sunrise-elevators.com\/wp-content\/uploads\/2025\/05\/0b59f610.jpg 1300w\" sizes=\"(max-width: 921px) 100vw, 921px\" \/><\/figure>\n\n\n\n<p><\/p>\n\n\n\n<p class=\"has-text-align-left\"><\/p>\n\n\n\n\n\n\n\n<p><\/p>","protected":false},"excerpt":{"rendered":"<p>La s\u00e9curit\u00e9 avant tout\uff0cune capacit\u00e9 de charge efficace, fiable et de longue dur\u00e9e. La technologie de pliage des t\u00f4les \u00e0 haute r\u00e9sistance assure une solidit\u00e9 symphonique tout en r\u00e9duisant le poids de la cabine. La s\u00e9rie d'ascenseurs de charge SUNRISE a \u00e9t\u00e9 soumise \u00e0 de nombreux essais destructifs et de fiabilit\u00e9 et est pilot\u00e9e par un contr\u00f4le int\u00e9gr\u00e9, adapt\u00e9 \u00e0 une vari\u00e9t\u00e9 de conditions de charge.<\/p>\n<ul>\n<li><strong>Charge : 1 600 - 6 000 kg<\/strong><\/li>\n<li><strong>Quantit\u00e9 minimale de commande : 1 pi\u00e8ce<\/strong><\/li>\n<li><strong>Capacit\u00e9 de production : 1000 pi\u00e8ces par mois<\/strong><\/li>\n<\/ul>","protected":false},"featured_media":3409,"comment_status":"open","ping_status":"closed","template":"","meta":[],"product_brand":[180],"product_cat":[15],"product_tag":[207,203,204,205,206],"class_list":{"0":"post-3408","1":"product","2":"type-product","3":"status-publish","4":"has-post-thumbnail","6":"product_brand-sunrise","7":"product_cat-lifts","8":"product_tag-cargo-elevator","9":"product_tag-freight-elevator","10":"product_tag-freight-elevators","11":"product_tag-freight-lift","12":"product_tag-goods-elevator","14":"first","15":"instock","16":"shipping-taxable","17":"product-type-simple"},"_links":{"self":[{"href":"https:\/\/sunrise-elevators.com\/fr\/wp-json\/wp\/v2\/product\/3408","targetHints":{"allow":["GET"]}}],"collection":[{"href":"https:\/\/sunrise-elevators.com\/fr\/wp-json\/wp\/v2\/product"}],"about":[{"href":"https:\/\/sunrise-elevators.com\/fr\/wp-json\/wp\/v2\/types\/product"}],"replies":[{"embeddable":true,"href":"https:\/\/sunrise-elevators.com\/fr\/wp-json\/wp\/v2\/comments?post=3408"}],"wp:featuredmedia":[{"embeddable":true,"href":"https:\/\/sunrise-elevators.com\/fr\/wp-json\/wp\/v2\/media\/3409"}],"wp:attachment":[{"href":"https:\/\/sunrise-elevators.com\/fr\/wp-json\/wp\/v2\/media?parent=3408"}],"wp:term":[{"taxonomy":"product_brand","embeddable":true,"href":"https:\/\/sunrise-elevators.com\/fr\/wp-json\/wp\/v2\/product_brand?post=3408"},{"taxonomy":"product_cat","embeddable":true,"href":"https:\/\/sunrise-elevators.com\/fr\/wp-json\/wp\/v2\/product_cat?post=3408"},{"taxonomy":"product_tag","embeddable":true,"href":"https:\/\/sunrise-elevators.com\/fr\/wp-json\/wp\/v2\/product_tag?post=3408"}],"curies":[{"name":"wp","href":"https:\/\/api.w.org\/{rel}","templated":true}]}}