{"id":3395,"date":"2025-05-09T18:58:27","date_gmt":"2025-05-09T10:58:27","guid":{"rendered":"https:\/\/sunrise-elevators.com\/?post_type=product&#038;p=3395"},"modified":"2025-05-09T19:21:38","modified_gmt":"2025-05-09T11:21:38","slug":"ascenseur-dhopital","status":"publish","type":"product","link":"https:\/\/sunrise-elevators.com\/fr\/product\/ascenseur-dhopital\/","title":{"rendered":"H\u00f4pital\/El\u00e9vateur de lits"},"content":{"rendered":"<div style=\"height:20px\" aria-hidden=\"true\" class=\"wp-block-spacer\"><\/div>\n\n\n\n<div class=\"wp-block-buttons is-content-justification-center is-layout-flex wp-container-core-buttons-is-layout-a89b3969 wp-block-buttons-is-layout-flex\">\n<div class=\"wp-block-button has-custom-width wp-block-button__width-75 is-style-fill\"><a class=\"wp-block-button__link has-white-color has-black-background-color has-text-color has-background has-link-color has-small-font-size has-text-align-center has-custom-font-size wp-element-button\" href=\"mailto:info@sunrise-elevators.com\" style=\"padding-top:20px;padding-right:20px;padding-bottom:20px;padding-left:20px\" target=\"_blank\" rel=\"noreferrer noopener\"><mark style=\"background-color:rgba(0, 0, 0, 0)\" class=\"has-inline-color has-white-color\">info@sunrise-elevators.com (Cliquez sur l'enqu\u00eate)<\/mark>&nbsp;&nbsp;<strong>Obtenir un devis d\u00e9taill\u00e9 et un dessin,&nbsp;<\/strong>&nbsp;<strong><mark style=\"background-color:rgba(0, 0, 0, 0)\" class=\"has-inline-color has-luminous-vivid-amber-color\">Toujours le meilleur prix !<\/mark><\/strong><\/a><\/div>\n<\/div>\n\n\n\n<div style=\"height:30px\" aria-hidden=\"true\" class=\"wp-block-spacer\"><\/div>\n\n\n\n<p class=\"has-text-align-left\">Gr\u00e2ce au contr\u00f4le pr\u00e9cis de la vitesse et \u00e0 l'ensemble de la boucle ferm\u00e9e contr\u00f4l\u00e9e par le syst\u00e8me d'entra\u00eenement VVVF, l'ascenseur de l'h\u00f4pital a des conditions de fonctionnement de haute pr\u00e9cision. Il peut rendre la couche d'arr\u00eat tr\u00e8s pr\u00e9cise, le d\u00e9marrage et l'arr\u00eat tr\u00e8s stables. Le syst\u00e8me de contr\u00f4le de l'onduleur VVVF, associ\u00e9 au contr\u00f4le pr\u00e9cis des degr\u00e9s d'acc\u00e9l\u00e9ration du moteur, r\u00e9duit le bruit de la machine de traction. Cette machine incarne pleinement l'id\u00e9e de conception \"orient\u00e9e vers les personnes\", cr\u00e9ant un espace chaleureux et confortable pour les m\u00e9decins et les patients. Il est pratique pour les lits, les chaises roulantes et les chariots d'acc\u00e9der en configurant une fonction de couche plate ; l'ascenseur de l'h\u00f4pital joue \u00e9galement son r\u00f4le m\u00e9dical pour faciliter le sauvetage rapide des patients.<\/p>\n\n\n\n<div style=\"height:10px\" aria-hidden=\"true\" class=\"wp-block-spacer\"><\/div>\n\n\n\n<div style=\"height:30px\" aria-hidden=\"true\" class=\"wp-block-spacer\"><\/div>\n\n\n\n<figure class=\"wp-block-image size-full\"><img fetchpriority=\"high\" decoding=\"async\" width=\"826\" height=\"352\" src=\"https:\/\/sunrise-elevators.com\/wp-content\/uploads\/2025\/05\/\u5fae\u4fe1\u56fe\u7247_20250509191909.png\" alt=\"\" class=\"wp-image-3401\" srcset=\"https:\/\/sunrise-elevators.com\/wp-content\/uploads\/2025\/05\/\u5fae\u4fe1\u56fe\u7247_20250509191909.png 826w, https:\/\/sunrise-elevators.com\/wp-content\/uploads\/2025\/05\/\u5fae\u4fe1\u56fe\u7247_20250509191909-300x128.png 300w, https:\/\/sunrise-elevators.com\/wp-content\/uploads\/2025\/05\/\u5fae\u4fe1\u56fe\u7247_20250509191909-768x327.png 768w, https:\/\/sunrise-elevators.com\/wp-content\/uploads\/2025\/05\/\u5fae\u4fe1\u56fe\u7247_20250509191909-600x256.png 600w\" sizes=\"(max-width: 826px) 100vw, 826px\" \/><\/figure>\n\n\n\n<figure class=\"wp-block-image size-large\"><img decoding=\"async\" width=\"735\" height=\"1024\" src=\"https:\/\/sunrise-elevators.com\/wp-content\/uploads\/2025\/05\/1bc35b40-735x1024.jpg\" alt=\"\" class=\"wp-image-3402\" srcset=\"https:\/\/sunrise-elevators.com\/wp-content\/uploads\/2025\/05\/1bc35b40-735x1024.jpg 735w, https:\/\/sunrise-elevators.com\/wp-content\/uploads\/2025\/05\/1bc35b40-215x300.jpg 215w, https:\/\/sunrise-elevators.com\/wp-content\/uploads\/2025\/05\/1bc35b40-768x1070.jpg 768w, https:\/\/sunrise-elevators.com\/wp-content\/uploads\/2025\/05\/1bc35b40-1102x1536.jpg 1102w, https:\/\/sunrise-elevators.com\/wp-content\/uploads\/2025\/05\/1bc35b40-600x836.jpg 600w, https:\/\/sunrise-elevators.com\/wp-content\/uploads\/2025\/05\/1bc35b40.jpg 1300w\" sizes=\"(max-width: 735px) 100vw, 735px\" \/><\/figure>\n\n\n\n<p><\/p>\n\n\n\n<p class=\"has-text-align-left\"><\/p>\n\n\n\n\n\n\n\n<p><\/p>","protected":false},"excerpt":{"rendered":"<p>La s\u00e9rie d'ascenseurs hospitaliers SUNRISE, fabriqu\u00e9e \u00e0 partir de mat\u00e9riaux tr\u00e8s r\u00e9sistants et dot\u00e9e d'un ensemble complet d'\u00e9quipements de pointe, fonctionne en douceur et confortablement pour r\u00e9pondre aux besoins de transport urgent des patients. Conform\u00e9ment \u00e0 la conception humanis\u00e9e coh\u00e9rente, la technologie de contr\u00f4le de groupe est appliqu\u00e9e pour r\u00e9aliser le fonctionnement intelligent de l'ascenseur et r\u00e9duire au minimum le temps d'attente des patients.<\/p>\n<ul>\n<li><strong>Vitesse : 1,0 - 1,75 m\/s<\/strong><\/li>\n<li><strong>Quantit\u00e9 minimale de commande : 1 pi\u00e8ce<\/strong><\/li>\n<li><strong>Capacit\u00e9 de production : 1000 pi\u00e8ces par mois<\/strong><\/li>\n<\/ul>","protected":false},"featured_media":3396,"comment_status":"open","ping_status":"closed","template":"","meta":[],"product_brand":[180],"product_cat":[15],"product_tag":[198,199,200,201,202],"class_list":{"0":"post-3395","1":"product","2":"type-product","3":"status-publish","4":"has-post-thumbnail","6":"product_brand-sunrise","7":"product_cat-lifts","8":"product_tag-disabled-hospital-lift","9":"product_tag-hospital-elevator","10":"product_tag-hospital-lift","11":"product_tag-patients-hospital-elevator","12":"product_tag-stainless-steel-hospital-elevator","14":"first","15":"instock","16":"shipping-taxable","17":"product-type-simple"},"_links":{"self":[{"href":"https:\/\/sunrise-elevators.com\/fr\/wp-json\/wp\/v2\/product\/3395","targetHints":{"allow":["GET"]}}],"collection":[{"href":"https:\/\/sunrise-elevators.com\/fr\/wp-json\/wp\/v2\/product"}],"about":[{"href":"https:\/\/sunrise-elevators.com\/fr\/wp-json\/wp\/v2\/types\/product"}],"replies":[{"embeddable":true,"href":"https:\/\/sunrise-elevators.com\/fr\/wp-json\/wp\/v2\/comments?post=3395"}],"wp:featuredmedia":[{"embeddable":true,"href":"https:\/\/sunrise-elevators.com\/fr\/wp-json\/wp\/v2\/media\/3396"}],"wp:attachment":[{"href":"https:\/\/sunrise-elevators.com\/fr\/wp-json\/wp\/v2\/media?parent=3395"}],"wp:term":[{"taxonomy":"product_brand","embeddable":true,"href":"https:\/\/sunrise-elevators.com\/fr\/wp-json\/wp\/v2\/product_brand?post=3395"},{"taxonomy":"product_cat","embeddable":true,"href":"https:\/\/sunrise-elevators.com\/fr\/wp-json\/wp\/v2\/product_cat?post=3395"},{"taxonomy":"product_tag","embeddable":true,"href":"https:\/\/sunrise-elevators.com\/fr\/wp-json\/wp\/v2\/product_tag?post=3395"}],"curies":[{"name":"wp","href":"https:\/\/api.w.org\/{rel}","templated":true}]}}