{"id":3764,"date":"2025-05-11T18:41:57","date_gmt":"2025-05-11T10:41:57","guid":{"rendered":"https:\/\/sunrise-elevators.com\/?page_id=3764"},"modified":"2025-05-14T16:35:26","modified_gmt":"2025-05-14T08:35:26","slug":"modernisation-des-ascenseurs","status":"publish","type":"page","link":"https:\/\/sunrise-elevators.com\/fr\/modernisation-des-ascenseurs\/","title":{"rendered":"Modernisation des ascenseurs"},"content":{"rendered":"<div data-elementor-type=\"wp-page\" data-elementor-id=\"3764\" class=\"elementor elementor-3764\" data-elementor-post-type=\"page\">\n\t\t\t\t\t\t<section class=\"elementor-section elementor-top-section elementor-element elementor-element-1692e5e8 elementor-section-content-middle elementor-section-boxed elementor-section-height-default elementor-section-height-default\" data-id=\"1692e5e8\" data-element_type=\"section\" data-e-type=\"section\" data-settings=\"{&quot;background_background&quot;:&quot;classic&quot;}\">\n\t\t\t\t\t\t\t<div class=\"elementor-background-overlay\"><\/div>\n\t\t\t\t\t\t\t<div class=\"elementor-container elementor-column-gap-no\">\n\t\t\t\t\t<div class=\"elementor-column elementor-col-100 elementor-top-column elementor-element elementor-element-6db378a8\" data-id=\"6db378a8\" data-element_type=\"column\" data-e-type=\"column\">\n\t\t\t<div class=\"elementor-widget-wrap elementor-element-populated\">\n\t\t\t\t\t\t<div class=\"elementor-element elementor-element-aa8e3fe elementor-widget elementor-widget-woocommerce-breadcrumb\" data-id=\"aa8e3fe\" data-element_type=\"widget\" data-e-type=\"widget\" data-widget_type=\"woocommerce-breadcrumb.default\">\n\t\t\t\t\t<nav class=\"woocommerce-breadcrumb\" aria-label=\"Breadcrumb\" data-no-translation=\"\" data-trp-gettext=\"\">Accueil<\/nav>\t\t\t\t<\/div>\n\t\t\t\t<div class=\"elementor-element elementor-element-4e9da48 elementor-widget elementor-widget-heading\" data-id=\"4e9da48\" data-element_type=\"widget\" data-e-type=\"widget\" data-widget_type=\"heading.default\">\n\t\t\t\t\t<h2 class=\"elementor-heading-title elementor-size-default\">Modernisation des ascenseurs<\/h2>\t\t\t\t<\/div>\n\t\t\t\t<div class=\"elementor-element elementor-element-a64c63f elementor-widget elementor-widget-text-editor\" data-id=\"a64c63f\" data-element_type=\"widget\" data-e-type=\"widget\" data-widget_type=\"text-editor.default\">\n\t\t\t\t\t\t\t\t\t<p>In recent years , with the rapid development of the elevator market , a large number of old elevators have appeared on the market , and most of them can not work properly anymore . However , the cost of replacing a new elevator is too high , then elevator modernization has emerged as the times require .<\/p><p>Elevator modernization , also called on-site modernization , refers to the upgrading and modification of existing elevators by using new technologies , new materials or improving equipment performance to achieve the purpose of improving elevator operating efficiency , enhancing elevator safety and reliability .Elevator modernization is generally divided into two types : comprehensive modernization and partial modernization.The comprehensive modernization is more comprehensive , including elevator machine room equipment , control cabinets , door wheels , wire ropes , cables , etc . Partial modifications only modify some equipment , including controllers , door covers , push rods , etc .<\/p><p>So , please contact us for more support , make your elevator like new-born . SUNRISE Elevator &#8211; The Leading Elevator Solution Customization Provider In China !<\/p>\t\t\t\t\t\t\t\t<\/div>\n\t\t\t\t<div class=\"elementor-element elementor-element-c181654 elementor-widget elementor-widget-heading\" data-id=\"c181654\" data-element_type=\"widget\" data-e-type=\"widget\" data-widget_type=\"heading.default\">\n\t\t\t\t\t<h2 class=\"elementor-heading-title elementor-size-default\">Modernization case 1:<\/h2>\t\t\t\t<\/div>\n\t\t\t\t<div class=\"elementor-element elementor-element-e793b08 elementor-widget elementor-widget-text-editor\" data-id=\"e793b08\" data-element_type=\"widget\" data-e-type=\"widget\" data-widget_type=\"text-editor.default\">\n\t\t\t\t\t\t\t\t\t<p><strong>OTIS AC-2<\/strong><\/p><p><strong>Change controller system (nice 3000 control cabinet)<\/strong><\/p>\t\t\t\t\t\t\t\t<\/div>\n\t\t\t\t<div class=\"elementor-element elementor-element-3882864 elementor-widget elementor-widget-image\" data-id=\"3882864\" data-element_type=\"widget\" data-e-type=\"widget\" data-widget_type=\"image.default\">\n\t\t\t\t\t\t\t\t\t\t\t\t\t\t\t<img fetchpriority=\"high\" decoding=\"async\" width=\"800\" height=\"800\" src=\"https:\/\/sunrise-elevators.com\/wp-content\/uploads\/2025\/05\/XD1-1024x1024.jpg\" class=\"attachment-large size-large wp-image-3795\" alt=\"\" srcset=\"https:\/\/sunrise-elevators.com\/wp-content\/uploads\/2025\/05\/XD1-1024x1024.jpg 1024w, https:\/\/sunrise-elevators.com\/wp-content\/uploads\/2025\/05\/XD1-300x300.jpg 300w, https:\/\/sunrise-elevators.com\/wp-content\/uploads\/2025\/05\/XD1-150x150.jpg 150w, https:\/\/sunrise-elevators.com\/wp-content\/uploads\/2025\/05\/XD1-768x768.jpg 768w, https:\/\/sunrise-elevators.com\/wp-content\/uploads\/2025\/05\/XD1-600x600.jpg 600w, https:\/\/sunrise-elevators.com\/wp-content\/uploads\/2025\/05\/XD1-100x100.jpg 100w, https:\/\/sunrise-elevators.com\/wp-content\/uploads\/2025\/05\/XD1.jpg 1200w\" sizes=\"(max-width: 800px) 100vw, 800px\" \/>\t\t\t\t\t\t\t\t\t\t\t\t\t\t\t<\/div>\n\t\t\t\t<div class=\"elementor-element elementor-element-0127a72 elementor-widget elementor-widget-heading\" data-id=\"0127a72\" data-element_type=\"widget\" data-e-type=\"widget\" data-widget_type=\"heading.default\">\n\t\t\t\t\t<h2 class=\"elementor-heading-title elementor-size-default\">Modernization case 2:<\/h2>\t\t\t\t<\/div>\n\t\t\t\t<div class=\"elementor-element elementor-element-a404263 elementor-widget elementor-widget-text-editor\" data-id=\"a404263\" data-element_type=\"widget\" data-e-type=\"widget\" data-widget_type=\"text-editor.default\">\n\t\t\t\t\t\t\t\t\t<p><strong>Schindler TX<\/strong><\/p><p><strong>Change inverter (nice 3000)<\/strong><\/p>\t\t\t\t\t\t\t\t<\/div>\n\t\t\t\t<div class=\"elementor-element elementor-element-acb55c6 elementor-widget elementor-widget-image\" data-id=\"acb55c6\" data-element_type=\"widget\" data-e-type=\"widget\" data-widget_type=\"image.default\">\n\t\t\t\t\t\t\t\t\t\t\t\t\t\t\t<img decoding=\"async\" width=\"800\" height=\"800\" src=\"https:\/\/sunrise-elevators.com\/wp-content\/uploads\/2025\/05\/XD2-1024x1024.jpg\" class=\"attachment-large size-large wp-image-3800\" alt=\"\" srcset=\"https:\/\/sunrise-elevators.com\/wp-content\/uploads\/2025\/05\/XD2-1024x1024.jpg 1024w, https:\/\/sunrise-elevators.com\/wp-content\/uploads\/2025\/05\/XD2-300x300.jpg 300w, https:\/\/sunrise-elevators.com\/wp-content\/uploads\/2025\/05\/XD2-150x150.jpg 150w, https:\/\/sunrise-elevators.com\/wp-content\/uploads\/2025\/05\/XD2-768x768.jpg 768w, https:\/\/sunrise-elevators.com\/wp-content\/uploads\/2025\/05\/XD2-600x600.jpg 600w, https:\/\/sunrise-elevators.com\/wp-content\/uploads\/2025\/05\/XD2-100x100.jpg 100w, https:\/\/sunrise-elevators.com\/wp-content\/uploads\/2025\/05\/XD2.jpg 1200w\" sizes=\"(max-width: 800px) 100vw, 800px\" \/>\t\t\t\t\t\t\t\t\t\t\t\t\t\t\t<\/div>\n\t\t\t\t<div class=\"elementor-element elementor-element-39e9830 elementor-widget elementor-widget-heading\" data-id=\"39e9830\" data-element_type=\"widget\" data-e-type=\"widget\" data-widget_type=\"heading.default\">\n\t\t\t\t\t<h2 class=\"elementor-heading-title elementor-size-default\">Modernization case 3:<\/h2>\t\t\t\t<\/div>\n\t\t\t\t<div class=\"elementor-element elementor-element-633816d elementor-widget elementor-widget-text-editor\" data-id=\"633816d\" data-element_type=\"widget\" data-e-type=\"widget\" data-widget_type=\"text-editor.default\">\n\t\t\t\t\t\t\t\t\t<p><strong>Toshiba TMLG14B<\/strong><\/p><p><strong>Change control cabinet (nice 3000)<\/strong><\/p>\t\t\t\t\t\t\t\t<\/div>\n\t\t\t\t<div class=\"elementor-element elementor-element-4a76d92 elementor-widget elementor-widget-image\" data-id=\"4a76d92\" data-element_type=\"widget\" data-e-type=\"widget\" data-widget_type=\"image.default\">\n\t\t\t\t\t\t\t\t\t\t\t\t\t\t\t<img decoding=\"async\" width=\"800\" height=\"800\" src=\"https:\/\/sunrise-elevators.com\/wp-content\/uploads\/2025\/05\/XD3-1024x1024.jpg\" class=\"attachment-large size-large wp-image-3804\" alt=\"\" srcset=\"https:\/\/sunrise-elevators.com\/wp-content\/uploads\/2025\/05\/XD3-1024x1024.jpg 1024w, https:\/\/sunrise-elevators.com\/wp-content\/uploads\/2025\/05\/XD3-300x300.jpg 300w, https:\/\/sunrise-elevators.com\/wp-content\/uploads\/2025\/05\/XD3-150x150.jpg 150w, https:\/\/sunrise-elevators.com\/wp-content\/uploads\/2025\/05\/XD3-768x768.jpg 768w, https:\/\/sunrise-elevators.com\/wp-content\/uploads\/2025\/05\/XD3-600x600.jpg 600w, https:\/\/sunrise-elevators.com\/wp-content\/uploads\/2025\/05\/XD3-100x100.jpg 100w, https:\/\/sunrise-elevators.com\/wp-content\/uploads\/2025\/05\/XD3.jpg 1200w\" sizes=\"(max-width: 800px) 100vw, 800px\" \/>\t\t\t\t\t\t\t\t\t\t\t\t\t\t\t<\/div>\n\t\t\t\t\t<\/div>\n\t\t<\/div>\n\t\t\t\t\t<\/div>\n\t\t<\/section>\n\t\t\t\t<section class=\"elementor-section elementor-top-section elementor-element elementor-element-f2edde9 elementor-section-boxed elementor-section-height-default elementor-section-height-default\" data-id=\"f2edde9\" data-element_type=\"section\" data-e-type=\"section\" data-settings=\"{&quot;background_background&quot;:&quot;classic&quot;}\">\n\t\t\t\t\t\t<div class=\"elementor-container elementor-column-gap-default\">\n\t\t\t\t\t<div class=\"elementor-column elementor-col-100 elementor-top-column elementor-element elementor-element-0a799fd\" data-id=\"0a799fd\" data-element_type=\"column\" data-e-type=\"column\">\n\t\t\t<div class=\"elementor-widget-wrap elementor-element-populated\">\n\t\t\t\t\t\t<div class=\"elementor-element elementor-element-45cda57 elementor-widget elementor-widget-heading\" data-id=\"45cda57\" data-element_type=\"widget\" data-e-type=\"widget\" data-widget_type=\"heading.default\">\n\t\t\t\t\t<h2 class=\"elementor-heading-title elementor-size-default\">Obtenir un devis gratuit<\/h2>\t\t\t\t<\/div>\n\t\t\t\t<div class=\"elementor-element elementor-element-86c1ad9 elementor-widget-divider--view-line elementor-widget elementor-widget-divider\" data-id=\"86c1ad9\" data-element_type=\"widget\" data-e-type=\"widget\" data-widget_type=\"divider.default\">\n\t\t\t\t\t\t\t<div class=\"elementor-divider\">\n\t\t\t<span class=\"elementor-divider-separator\">\n\t\t\t\t\t\t<\/span>\n\t\t<\/div>\n\t\t\t\t\t\t<\/div>\n\t\t\t\t<section class=\"elementor-section elementor-inner-section elementor-element elementor-element-0391a78 elementor-section-boxed elementor-section-height-default elementor-section-height-default\" data-id=\"0391a78\" data-element_type=\"section\" data-e-type=\"section\">\n\t\t\t\t\t\t<div class=\"elementor-container elementor-column-gap-default\">\n\t\t\t\t\t<div class=\"elementor-column elementor-col-50 elementor-inner-column elementor-element elementor-element-dd1decb\" data-id=\"dd1decb\" data-element_type=\"column\" data-e-type=\"column\" data-settings=\"{&quot;background_background&quot;:&quot;classic&quot;}\">\n\t\t\t<div class=\"elementor-widget-wrap elementor-element-populated\">\n\t\t\t\t\t\t<div class=\"elementor-element elementor-element-49f8e32 elementor-widget elementor-widget-image\" data-id=\"49f8e32\" data-element_type=\"widget\" data-e-type=\"widget\" data-widget_type=\"image.default\">\n\t\t\t\t\t\t\t\t\t\t\t\t\t\t\t<img loading=\"lazy\" decoding=\"async\" width=\"256\" height=\"256\" src=\"https:\/\/sunrise-elevators.com\/wp-content\/uploads\/2025\/05\/\u5f20-1.png\" class=\"elementor-animation-grow attachment-large size-large wp-image-3235\" alt=\"\" srcset=\"https:\/\/sunrise-elevators.com\/wp-content\/uploads\/2025\/05\/\u5f20-1.png 256w, https:\/\/sunrise-elevators.com\/wp-content\/uploads\/2025\/05\/\u5f20-1-150x150.png 150w, https:\/\/sunrise-elevators.com\/wp-content\/uploads\/2025\/05\/\u5f20-1-100x100.png 100w\" sizes=\"(max-width: 256px) 100vw, 256px\" \/>\t\t\t\t\t\t\t\t\t\t\t\t\t\t\t<\/div>\n\t\t\t\t<div class=\"elementor-element elementor-element-3e57055 elementor-widget elementor-widget-heading\" data-id=\"3e57055\" data-element_type=\"widget\" data-e-type=\"widget\" data-widget_type=\"heading.default\">\n\t\t\t\t\t<h2 class=\"elementor-heading-title elementor-size-default\">Bonjour<\/h2>\t\t\t\t<\/div>\n\t\t\t\t<div class=\"elementor-element elementor-element-6f2a123 elementor-widget__width-initial animated-slow elementor-widget elementor-widget-text-editor\" data-id=\"6f2a123\" data-element_type=\"widget\" data-e-type=\"widget\" data-settings=\"{&quot;_animation&quot;:&quot;none&quot;}\" data-widget_type=\"text-editor.default\">\n\t\t\t\t\t\t\t\t\t<p>Laissez votre message, notre \u00e9quipe vous fournira des r\u00e9ponses d\u00e9taill\u00e9es dans les 24 heures.<\/p>\t\t\t\t\t\t\t\t<\/div>\n\t\t\t\t\t<\/div>\n\t\t<\/div>\n\t\t\t\t<div class=\"elementor-column elementor-col-50 elementor-inner-column elementor-element elementor-element-292442f\" data-id=\"292442f\" data-element_type=\"column\" data-e-type=\"column\" data-settings=\"{&quot;background_background&quot;:&quot;classic&quot;}\">\n\t\t\t<div class=\"elementor-widget-wrap elementor-element-populated\">\n\t\t\t\t\t\t<div class=\"elementor-element elementor-element-47e97a0 elementor-widget elementor-widget-shortcode\" data-id=\"47e97a0\" data-element_type=\"widget\" data-e-type=\"widget\" data-widget_type=\"shortcode.default\">\n\t\t\t\t\t\t\t<div class=\"elementor-shortcode\">\n<div class=\"wpcf7 no-js\" id=\"wpcf7-f1425-o1\" lang=\"zh-CN\" dir=\"ltr\" data-wpcf7-id=\"1425\">\n<div class=\"screen-reader-response\"><p role=\"status\" aria-live=\"polite\" aria-atomic=\"true\"><\/p> <ul><\/ul><\/div>\n<form action=\"\/fr\/wp-json\/wp\/v2\/pages\/3764#wpcf7-f1425-o1\" method=\"post\" class=\"wpcf7-form init\" aria-label=\"\u7559\u8a00\u8868\u5355\" enctype=\"multipart\/form-data\" novalidate=\"novalidate\" data-status=\"init\" data-trp-original-action=\"\/fr\/wp-json\/wp\/v2\/pages\/3764#wpcf7-f1425-o1\">\n<fieldset class=\"hidden-fields-container\"><input type=\"hidden\" name=\"_wpcf7\" value=\"1425\" \/><input type=\"hidden\" name=\"_wpcf7_version\" value=\"6.1.5\" \/><input type=\"hidden\" name=\"_wpcf7_locale\" value=\"zh_CN\" \/><input type=\"hidden\" name=\"_wpcf7_unit_tag\" value=\"wpcf7-f1425-o1\" \/><input type=\"hidden\" name=\"_wpcf7_container_post\" value=\"0\" \/><input type=\"hidden\" name=\"_wpcf7_posted_data_hash\" value=\"\" \/>\n<\/fieldset>\n<p><label> <span class=\"label_name\">*Votre nom :<\/span><br \/>\n<span class=\"wpcf7-form-control-wrap\" data-name=\"your-name\"><input size=\"40\" maxlength=\"400\" class=\"wpcf7-form-control wpcf7-text wpcf7-validates-as-required label_input\" autocomplete=\"name\" aria-required=\"true\" aria-invalid=\"false\" value=\"\" type=\"text\" name=\"your-name\" \/><\/span> <\/label>\n<\/p>\n<p><label> <span class=\"label_name\">*Votre courriel :<\/span><br \/>\n<span class=\"wpcf7-form-control-wrap\" data-name=\"your-email\"><input size=\"40\" maxlength=\"400\" class=\"wpcf7-form-control wpcf7-email wpcf7-validates-as-required wpcf7-text wpcf7-validates-as-email label_input\" autocomplete=\"email\" aria-required=\"true\" aria-invalid=\"false\" value=\"\" type=\"email\" name=\"your-email\" \/><\/span> <\/label>\n<\/p>\n<p><label> <span class=\"label_name\">*T\u00e9l\u00e9phone\/Whatsapp\/Wechat\/Message :<\/span><br \/>\n<span class=\"wpcf7-form-control-wrap\" data-name=\"your-message\"><textarea cols=\"40\" rows=\"10\" maxlength=\"2000\" class=\"wpcf7-form-control wpcf7-textarea wpcf7-validates-as-required diyform label_input\" aria-required=\"true\" aria-invalid=\"false\" name=\"your-message\"><\/textarea><\/span> <\/label>\n<\/p>\n<p><label> <span class=\"label_name\">Fichier :<\/span><br \/>\n<span class=\"wpcf7-form-control-wrap\" data-name=\"file-796\"><input size=\"40\" class=\"wpcf7-form-control wpcf7-file label_input\" accept=\"audio\/*,video\/*,image\/*\" aria-invalid=\"false\" type=\"file\" name=\"file-796\" \/><\/span><\/label>\n<\/p>\n<p><input class=\"wpcf7-form-control wpcf7-submit has-spinner\" type=\"submit\" value=\"Soumettre\" \/>\n<\/p><div class=\"wpcf7-response-output\" aria-hidden=\"true\"><\/div>\n<input type=\"hidden\" name=\"trp-form-language\" value=\"fr\"\/><\/form>\n<\/div>\n<\/div>\n\t\t\t\t\t\t<\/div>\n\t\t\t\t\t<\/div>\n\t\t<\/div>\n\t\t\t\t\t<\/div>\n\t\t<\/section>\n\t\t\t\t\t<\/div>\n\t\t<\/div>\n\t\t\t\t\t<\/div>\n\t\t<\/section>\n\t\t\t\t<\/div>","protected":false},"excerpt":{"rendered":"<p>Modernisation des ascenseurs<\/p>","protected":false},"author":1,"featured_media":0,"parent":0,"menu_order":0,"comment_status":"closed","ping_status":"closed","template":"elementor_header_footer","meta":{"footnotes":""},"class_list":["post-3764","page","type-page","status-publish","hentry"],"_links":{"self":[{"href":"https:\/\/sunrise-elevators.com\/fr\/wp-json\/wp\/v2\/pages\/3764","targetHints":{"allow":["GET"]}}],"collection":[{"href":"https:\/\/sunrise-elevators.com\/fr\/wp-json\/wp\/v2\/pages"}],"about":[{"href":"https:\/\/sunrise-elevators.com\/fr\/wp-json\/wp\/v2\/types\/page"}],"author":[{"embeddable":true,"href":"https:\/\/sunrise-elevators.com\/fr\/wp-json\/wp\/v2\/users\/1"}],"replies":[{"embeddable":true,"href":"https:\/\/sunrise-elevators.com\/fr\/wp-json\/wp\/v2\/comments?post=3764"}],"version-history":[{"count":30,"href":"https:\/\/sunrise-elevators.com\/fr\/wp-json\/wp\/v2\/pages\/3764\/revisions"}],"predecessor-version":[{"id":4053,"href":"https:\/\/sunrise-elevators.com\/fr\/wp-json\/wp\/v2\/pages\/3764\/revisions\/4053"}],"wp:attachment":[{"href":"https:\/\/sunrise-elevators.com\/fr\/wp-json\/wp\/v2\/media?parent=3764"}],"curies":[{"name":"wp","href":"https:\/\/api.w.org\/{rel}","templated":true}]}}