{"id":3747,"date":"2025-05-11T16:13:52","date_gmt":"2025-05-11T08:13:52","guid":{"rendered":"https:\/\/sunrise-elevators.com\/?post_type=product&#038;p=3747"},"modified":"2025-05-11T16:19:23","modified_gmt":"2025-05-11T08:19:23","slug":"stahlseil","status":"publish","type":"product","link":"https:\/\/sunrise-elevators.com\/de\/product\/stahlseil\/","title":{"rendered":"STAHLSEIL"},"content":{"rendered":"<div style=\"height:20px\" aria-hidden=\"true\" class=\"wp-block-spacer\"><\/div>\n\n\n\n<div class=\"wp-block-buttons is-content-justification-center is-layout-flex wp-container-core-buttons-is-layout-a89b3969 wp-block-buttons-is-layout-flex\">\n<div class=\"wp-block-button has-custom-width wp-block-button__width-75 is-style-fill\"><a class=\"wp-block-button__link has-white-color has-black-background-color has-text-color has-background has-link-color has-small-font-size has-text-align-center has-custom-font-size wp-element-button\" href=\"mailto:info@sunrise-elevators.com\" style=\"padding-top:20px;padding-right:20px;padding-bottom:20px;padding-left:20px\" target=\"_blank\" rel=\"noreferrer noopener\"><mark style=\"background-color:rgba(0, 0, 0, 0)\" class=\"has-inline-color has-white-color\">info@sunrise-elevators.com (Zur Anfrage klicken)<\/mark>&nbsp;&nbsp;<strong>Detailliertes Angebot und Zeichnung anfordern,&nbsp;<\/strong>&nbsp;<strong><mark style=\"background-color:rgba(0, 0, 0, 0)\" class=\"has-inline-color has-luminous-vivid-amber-color\">Immer zum besten Preis!<\/mark><\/strong><\/a><\/div>\n<\/div>\n\n\n\n<div style=\"height:30px\" aria-hidden=\"true\" class=\"wp-block-spacer\"><\/div>\n\n\n\n<div style=\"height:10px\" aria-hidden=\"true\" class=\"wp-block-spacer\"><\/div>\n\n\n\n<figure class=\"wp-block-gallery has-nested-images columns-4 is-cropped wp-block-gallery-1 is-layout-flex wp-block-gallery-is-layout-flex\">\n<figure class=\"wp-block-image size-full\"><img fetchpriority=\"high\" decoding=\"async\" width=\"800\" height=\"800\" data-id=\"3748\" src=\"https:\/\/sunrise-elevators.com\/wp-content\/uploads\/2025\/05\/s0.png\" alt=\"\" class=\"wp-image-3748\" srcset=\"https:\/\/sunrise-elevators.com\/wp-content\/uploads\/2025\/05\/s0.png 800w, https:\/\/sunrise-elevators.com\/wp-content\/uploads\/2025\/05\/s0-300x300.png 300w, https:\/\/sunrise-elevators.com\/wp-content\/uploads\/2025\/05\/s0-150x150.png 150w, https:\/\/sunrise-elevators.com\/wp-content\/uploads\/2025\/05\/s0-768x768.png 768w, https:\/\/sunrise-elevators.com\/wp-content\/uploads\/2025\/05\/s0-600x600.png 600w, https:\/\/sunrise-elevators.com\/wp-content\/uploads\/2025\/05\/s0-100x100.png 100w\" sizes=\"(max-width: 800px) 100vw, 800px\" \/><\/figure>\n\n\n\n<figure class=\"wp-block-image size-full\"><img decoding=\"async\" width=\"800\" height=\"800\" data-id=\"3749\" src=\"https:\/\/sunrise-elevators.com\/wp-content\/uploads\/2025\/05\/s1.png\" alt=\"\" class=\"wp-image-3749\" srcset=\"https:\/\/sunrise-elevators.com\/wp-content\/uploads\/2025\/05\/s1.png 800w, https:\/\/sunrise-elevators.com\/wp-content\/uploads\/2025\/05\/s1-300x300.png 300w, https:\/\/sunrise-elevators.com\/wp-content\/uploads\/2025\/05\/s1-150x150.png 150w, https:\/\/sunrise-elevators.com\/wp-content\/uploads\/2025\/05\/s1-768x768.png 768w, https:\/\/sunrise-elevators.com\/wp-content\/uploads\/2025\/05\/s1-600x600.png 600w, https:\/\/sunrise-elevators.com\/wp-content\/uploads\/2025\/05\/s1-100x100.png 100w\" sizes=\"(max-width: 800px) 100vw, 800px\" \/><\/figure>\n\n\n\n<figure class=\"wp-block-image size-full\"><img decoding=\"async\" width=\"800\" height=\"800\" data-id=\"3750\" src=\"https:\/\/sunrise-elevators.com\/wp-content\/uploads\/2025\/05\/s2.png\" alt=\"\" class=\"wp-image-3750\" srcset=\"https:\/\/sunrise-elevators.com\/wp-content\/uploads\/2025\/05\/s2.png 800w, https:\/\/sunrise-elevators.com\/wp-content\/uploads\/2025\/05\/s2-300x300.png 300w, https:\/\/sunrise-elevators.com\/wp-content\/uploads\/2025\/05\/s2-150x150.png 150w, https:\/\/sunrise-elevators.com\/wp-content\/uploads\/2025\/05\/s2-768x768.png 768w, https:\/\/sunrise-elevators.com\/wp-content\/uploads\/2025\/05\/s2-600x600.png 600w, https:\/\/sunrise-elevators.com\/wp-content\/uploads\/2025\/05\/s2-100x100.png 100w\" sizes=\"(max-width: 800px) 100vw, 800px\" \/><\/figure>\n\n\n\n<figure class=\"wp-block-image size-full\"><img loading=\"lazy\" decoding=\"async\" width=\"800\" height=\"800\" data-id=\"3751\" src=\"https:\/\/sunrise-elevators.com\/wp-content\/uploads\/2025\/05\/s3.png\" alt=\"\" class=\"wp-image-3751\" srcset=\"https:\/\/sunrise-elevators.com\/wp-content\/uploads\/2025\/05\/s3.png 800w, https:\/\/sunrise-elevators.com\/wp-content\/uploads\/2025\/05\/s3-300x300.png 300w, https:\/\/sunrise-elevators.com\/wp-content\/uploads\/2025\/05\/s3-150x150.png 150w, https:\/\/sunrise-elevators.com\/wp-content\/uploads\/2025\/05\/s3-768x768.png 768w, https:\/\/sunrise-elevators.com\/wp-content\/uploads\/2025\/05\/s3-600x600.png 600w, https:\/\/sunrise-elevators.com\/wp-content\/uploads\/2025\/05\/s3-100x100.png 100w\" sizes=\"(max-width: 800px) 100vw, 800px\" \/><\/figure>\n<\/figure>\n\n\n\n<div style=\"height:30px\" aria-hidden=\"true\" class=\"wp-block-spacer\"><\/div>\n\n\n\n<p><\/p>\n\n\n\n\n\n\n\n<p><\/p>","protected":false},"excerpt":{"rendered":"<p>SUNRISE ELEVATOR bietet eine ganze Reihe von Aufzugsstahlseilen an, die von zuverl\u00e4ssiger Qualit\u00e4t sind und f\u00fcr fast alle g\u00e4ngigen Aufzugsmarken auf dem Markt geeignet sind. Kontaktieren Sie uns f\u00fcr weitere Informationen. .\u00a0<\/p>\n<ul>\n<li><strong>Min. Bestellmenge: 1 St\u00fcck<\/strong><\/li>\n<li><strong>Lieferf\u00e4higkeit: 10000 St\u00fcck pro Monat<\/strong><\/li>\n<\/ul>","protected":false},"featured_media":3748,"comment_status":"open","ping_status":"closed","template":"","meta":[],"product_brand":[180],"product_cat":[26],"product_tag":[],"class_list":{"0":"post-3747","1":"product","2":"type-product","3":"status-publish","4":"has-post-thumbnail","6":"product_brand-sunrise","7":"product_cat-spare-parts","9":"first","10":"instock","11":"shipping-taxable","12":"product-type-simple"},"_links":{"self":[{"href":"https:\/\/sunrise-elevators.com\/de\/wp-json\/wp\/v2\/product\/3747","targetHints":{"allow":["GET"]}}],"collection":[{"href":"https:\/\/sunrise-elevators.com\/de\/wp-json\/wp\/v2\/product"}],"about":[{"href":"https:\/\/sunrise-elevators.com\/de\/wp-json\/wp\/v2\/types\/product"}],"replies":[{"embeddable":true,"href":"https:\/\/sunrise-elevators.com\/de\/wp-json\/wp\/v2\/comments?post=3747"}],"wp:featuredmedia":[{"embeddable":true,"href":"https:\/\/sunrise-elevators.com\/de\/wp-json\/wp\/v2\/media\/3748"}],"wp:attachment":[{"href":"https:\/\/sunrise-elevators.com\/de\/wp-json\/wp\/v2\/media?parent=3747"}],"wp:term":[{"taxonomy":"product_brand","embeddable":true,"href":"https:\/\/sunrise-elevators.com\/de\/wp-json\/wp\/v2\/product_brand?post=3747"},{"taxonomy":"product_cat","embeddable":true,"href":"https:\/\/sunrise-elevators.com\/de\/wp-json\/wp\/v2\/product_cat?post=3747"},{"taxonomy":"product_tag","embeddable":true,"href":"https:\/\/sunrise-elevators.com\/de\/wp-json\/wp\/v2\/product_tag?post=3747"}],"curies":[{"name":"wp","href":"https:\/\/api.w.org\/{rel}","templated":true}]}}