{"id":3408,"date":"2025-05-09T23:59:47","date_gmt":"2025-05-09T15:59:47","guid":{"rendered":"https:\/\/sunrise-elevators.com\/?post_type=product&#038;p=3408"},"modified":"2025-05-10T00:36:55","modified_gmt":"2025-05-09T16:36:55","slug":"lastenaufzugautoaufzug","status":"publish","type":"product","link":"https:\/\/sunrise-elevators.com\/de\/product\/lastenaufzugautoaufzug\/","title":{"rendered":"Lastenaufzug &amp; Autoaufzug"},"content":{"rendered":"<div style=\"height:20px\" aria-hidden=\"true\" class=\"wp-block-spacer\"><\/div>\n\n\n\n<div class=\"wp-block-buttons is-content-justification-center is-layout-flex wp-container-core-buttons-is-layout-a89b3969 wp-block-buttons-is-layout-flex\">\n<div class=\"wp-block-button has-custom-width wp-block-button__width-75 is-style-fill\"><a class=\"wp-block-button__link has-white-color has-black-background-color has-text-color has-background has-link-color has-small-font-size has-text-align-center has-custom-font-size wp-element-button\" href=\"mailto:info@sunrise-elevators.com\" style=\"padding-top:20px;padding-right:20px;padding-bottom:20px;padding-left:20px\" target=\"_blank\" rel=\"noreferrer noopener\"><mark style=\"background-color:rgba(0, 0, 0, 0)\" class=\"has-inline-color has-white-color\">info@sunrise-elevators.com (Zur Anfrage klicken)<\/mark>&nbsp;&nbsp;<strong>Detailliertes Angebot und Zeichnung anfordern,&nbsp;<\/strong>&nbsp;<strong><mark style=\"background-color:rgba(0, 0, 0, 0)\" class=\"has-inline-color has-luminous-vivid-amber-color\">Immer zum besten Preis!<\/mark><\/strong><\/a><\/div>\n<\/div>\n\n\n\n<div style=\"height:30px\" aria-hidden=\"true\" class=\"wp-block-spacer\"><\/div>\n\n\n\n<p class=\"has-text-align-left\">Professionelles Vollcomputer-Steuerungssystem, klassischer und zuverl\u00e4ssiger Fahrstil, hervorragende Leistung der T\u00fcrbedienungsstruktur, hochintensives Kabinendesign, machen unsere Lastenaufz\u00fcge f\u00fcr verschiedene Standorte geeignet. Mit vollst\u00e4ndigen Spezifikationen, guter Leistung, hoher Zuverl\u00e4ssigkeit und \u00fcberlegenem Preis-\/Leistungsverh\u00e4ltnis bieten SUNRISE Lasten-\/Waren-\/Frachtaufz\u00fcge relevante L\u00f6sungen f\u00fcr diversifizierte Frachtbef\u00f6rderung und k\u00f6nnen f\u00fcr verschiedene Architekturen geeignet sein, die weitgehend in Warentransportstandorten wie Fabrik, Produktionslinie, Werkstatt, Marktplatz, Einkaufszentrum und Ausstellungshalle verwendet werden.<\/p>\n\n\n\n<p class=\"has-text-align-left\"><strong>Spezifikation<\/strong><br>1. Geschwindigkeit:1.0m\/s,0.5m\/s,0.25m\/s<br>2. Belastung:1000kg \/ 2000kg \/ 3000kg \/ 4000kg \/ 5000kg<br>3. Zugkraft mit Getriebe \/ Zugkraft ohne Getriebe \/ Hydraulisch<br>4. mit einem Maschinenraum \/ Maschinenraumlos<\/p>\n\n\n\n<div style=\"height:10px\" aria-hidden=\"true\" class=\"wp-block-spacer\"><\/div>\n\n\n\n<div style=\"height:30px\" aria-hidden=\"true\" class=\"wp-block-spacer\"><\/div>\n\n\n\n<figure class=\"wp-block-image size-large\"><img fetchpriority=\"high\" decoding=\"async\" width=\"1024\" height=\"138\" src=\"https:\/\/sunrise-elevators.com\/wp-content\/uploads\/2025\/05\/80922610-1024x138.jpg\" alt=\"\" class=\"wp-image-3414\" srcset=\"https:\/\/sunrise-elevators.com\/wp-content\/uploads\/2025\/05\/80922610-1024x138.jpg 1024w, https:\/\/sunrise-elevators.com\/wp-content\/uploads\/2025\/05\/80922610-300x40.jpg 300w, https:\/\/sunrise-elevators.com\/wp-content\/uploads\/2025\/05\/80922610-768x103.jpg 768w, https:\/\/sunrise-elevators.com\/wp-content\/uploads\/2025\/05\/80922610-600x81.jpg 600w, https:\/\/sunrise-elevators.com\/wp-content\/uploads\/2025\/05\/80922610.jpg 1300w\" sizes=\"(max-width: 1024px) 100vw, 1024px\" \/><\/figure>\n\n\n\n<figure class=\"wp-block-image size-large\"><img decoding=\"async\" width=\"1024\" height=\"113\" src=\"https:\/\/sunrise-elevators.com\/wp-content\/uploads\/2025\/05\/46ca554b-1024x113.jpg\" alt=\"\" class=\"wp-image-3415\" srcset=\"https:\/\/sunrise-elevators.com\/wp-content\/uploads\/2025\/05\/46ca554b-1024x113.jpg 1024w, https:\/\/sunrise-elevators.com\/wp-content\/uploads\/2025\/05\/46ca554b-300x33.jpg 300w, https:\/\/sunrise-elevators.com\/wp-content\/uploads\/2025\/05\/46ca554b-768x85.jpg 768w, https:\/\/sunrise-elevators.com\/wp-content\/uploads\/2025\/05\/46ca554b-600x66.jpg 600w, https:\/\/sunrise-elevators.com\/wp-content\/uploads\/2025\/05\/46ca554b.jpg 1300w\" sizes=\"(max-width: 1024px) 100vw, 1024px\" \/><\/figure>\n\n\n\n<figure class=\"wp-block-image size-large\"><img decoding=\"async\" width=\"1019\" height=\"1024\" src=\"https:\/\/sunrise-elevators.com\/wp-content\/uploads\/2025\/05\/b3ad42ab-1019x1024.jpg\" alt=\"\" class=\"wp-image-3416\" srcset=\"https:\/\/sunrise-elevators.com\/wp-content\/uploads\/2025\/05\/b3ad42ab-1019x1024.jpg 1019w, https:\/\/sunrise-elevators.com\/wp-content\/uploads\/2025\/05\/b3ad42ab-298x300.jpg 298w, https:\/\/sunrise-elevators.com\/wp-content\/uploads\/2025\/05\/b3ad42ab-150x150.jpg 150w, https:\/\/sunrise-elevators.com\/wp-content\/uploads\/2025\/05\/b3ad42ab-768x772.jpg 768w, https:\/\/sunrise-elevators.com\/wp-content\/uploads\/2025\/05\/b3ad42ab-300x300.jpg 300w, https:\/\/sunrise-elevators.com\/wp-content\/uploads\/2025\/05\/b3ad42ab-600x603.jpg 600w, https:\/\/sunrise-elevators.com\/wp-content\/uploads\/2025\/05\/b3ad42ab-100x100.jpg 100w, https:\/\/sunrise-elevators.com\/wp-content\/uploads\/2025\/05\/b3ad42ab.jpg 1300w\" sizes=\"(max-width: 1019px) 100vw, 1019px\" \/><\/figure>\n\n\n\n<figure class=\"wp-block-image size-large\"><img loading=\"lazy\" decoding=\"async\" width=\"921\" height=\"1024\" src=\"https:\/\/sunrise-elevators.com\/wp-content\/uploads\/2025\/05\/0b59f610-921x1024.jpg\" alt=\"\" class=\"wp-image-3417\" srcset=\"https:\/\/sunrise-elevators.com\/wp-content\/uploads\/2025\/05\/0b59f610-921x1024.jpg 921w, https:\/\/sunrise-elevators.com\/wp-content\/uploads\/2025\/05\/0b59f610-270x300.jpg 270w, https:\/\/sunrise-elevators.com\/wp-content\/uploads\/2025\/05\/0b59f610-768x854.jpg 768w, https:\/\/sunrise-elevators.com\/wp-content\/uploads\/2025\/05\/0b59f610-600x667.jpg 600w, https:\/\/sunrise-elevators.com\/wp-content\/uploads\/2025\/05\/0b59f610.jpg 1300w\" sizes=\"(max-width: 921px) 100vw, 921px\" \/><\/figure>\n\n\n\n<p><\/p>\n\n\n\n<p class=\"has-text-align-left\"><\/p>\n\n\n\n\n\n\n\n<p><\/p>","protected":false},"excerpt":{"rendered":"<p>Sicherheit an erster Stelle, wirksame Tragf\u00e4higkeit mit zuverl\u00e4ssiger und langer Lebensdauer. Hochfeste Blechbiegetechnik sorgt f\u00fcr symphonische St\u00e4rke bei gleichzeitiger Verringerung des Gewichts der Kabine. Die SUNRISE-Lastenaufzugserie wurde mehreren Zerst\u00f6rungs- und Zuverl\u00e4ssigkeitstests unterzogen und wird durch eine integrierte Steuerung angetrieben, die f\u00fcr eine Vielzahl von Lastbedingungen geeignet ist.<\/p>\n<ul>\n<li><strong>Belastung: 1.600 - 6.000 kg<\/strong><\/li>\n<li><strong>Min. Bestellmenge: 1 St\u00fcck<\/strong><\/li>\n<li><strong>Lieferf\u00e4higkeit: 1000 St\u00fcck pro Monat<\/strong><\/li>\n<\/ul>","protected":false},"featured_media":3409,"comment_status":"open","ping_status":"closed","template":"","meta":[],"product_brand":[180],"product_cat":[15],"product_tag":[207,203,204,205,206],"class_list":{"0":"post-3408","1":"product","2":"type-product","3":"status-publish","4":"has-post-thumbnail","6":"product_brand-sunrise","7":"product_cat-lifts","8":"product_tag-cargo-elevator","9":"product_tag-freight-elevator","10":"product_tag-freight-elevators","11":"product_tag-freight-lift","12":"product_tag-goods-elevator","14":"first","15":"instock","16":"shipping-taxable","17":"product-type-simple"},"_links":{"self":[{"href":"https:\/\/sunrise-elevators.com\/de\/wp-json\/wp\/v2\/product\/3408","targetHints":{"allow":["GET"]}}],"collection":[{"href":"https:\/\/sunrise-elevators.com\/de\/wp-json\/wp\/v2\/product"}],"about":[{"href":"https:\/\/sunrise-elevators.com\/de\/wp-json\/wp\/v2\/types\/product"}],"replies":[{"embeddable":true,"href":"https:\/\/sunrise-elevators.com\/de\/wp-json\/wp\/v2\/comments?post=3408"}],"wp:featuredmedia":[{"embeddable":true,"href":"https:\/\/sunrise-elevators.com\/de\/wp-json\/wp\/v2\/media\/3409"}],"wp:attachment":[{"href":"https:\/\/sunrise-elevators.com\/de\/wp-json\/wp\/v2\/media?parent=3408"}],"wp:term":[{"taxonomy":"product_brand","embeddable":true,"href":"https:\/\/sunrise-elevators.com\/de\/wp-json\/wp\/v2\/product_brand?post=3408"},{"taxonomy":"product_cat","embeddable":true,"href":"https:\/\/sunrise-elevators.com\/de\/wp-json\/wp\/v2\/product_cat?post=3408"},{"taxonomy":"product_tag","embeddable":true,"href":"https:\/\/sunrise-elevators.com\/de\/wp-json\/wp\/v2\/product_tag?post=3408"}],"curies":[{"name":"wp","href":"https:\/\/api.w.org\/{rel}","templated":true}]}}