{"id":3395,"date":"2025-05-09T18:58:27","date_gmt":"2025-05-09T10:58:27","guid":{"rendered":"https:\/\/sunrise-elevators.com\/?post_type=product&#038;p=3395"},"modified":"2025-05-09T19:21:38","modified_gmt":"2025-05-09T11:21:38","slug":"krankenhausaufzug","status":"publish","type":"product","link":"https:\/\/sunrise-elevators.com\/de\/product\/krankenhausaufzug\/","title":{"rendered":"Krankenhaus\/Bettenaufzug"},"content":{"rendered":"<div style=\"height:20px\" aria-hidden=\"true\" class=\"wp-block-spacer\"><\/div>\n\n\n\n<div class=\"wp-block-buttons is-content-justification-center is-layout-flex wp-container-core-buttons-is-layout-a89b3969 wp-block-buttons-is-layout-flex\">\n<div class=\"wp-block-button has-custom-width wp-block-button__width-75 is-style-fill\"><a class=\"wp-block-button__link has-white-color has-black-background-color has-text-color has-background has-link-color has-small-font-size has-text-align-center has-custom-font-size wp-element-button\" href=\"mailto:info@sunrise-elevators.com\" style=\"padding-top:20px;padding-right:20px;padding-bottom:20px;padding-left:20px\" target=\"_blank\" rel=\"noreferrer noopener\"><mark style=\"background-color:rgba(0, 0, 0, 0)\" class=\"has-inline-color has-white-color\">info@sunrise-elevators.com (Zur Anfrage klicken)<\/mark>&nbsp;&nbsp;<strong>Detailliertes Angebot und Zeichnung anfordern,&nbsp;<\/strong>&nbsp;<strong><mark style=\"background-color:rgba(0, 0, 0, 0)\" class=\"has-inline-color has-luminous-vivid-amber-color\">Immer zum besten Preis!<\/mark><\/strong><\/a><\/div>\n<\/div>\n\n\n\n<div style=\"height:30px\" aria-hidden=\"true\" class=\"wp-block-spacer\"><\/div>\n\n\n\n<p class=\"has-text-align-left\">Mit der pr\u00e4zisen Geschwindigkeitsregelung und dem gesamten geschlossenen Regelkreis, der durch das VVVF-Antriebssystem gesteuert wird, verf\u00fcgt der Krankenhausaufzug \u00fcber hochpr\u00e4zise Laufbedingungen. Es kann die Stoppschicht sehr genau, Start und Stopp sehr stabil machen. Das VVVF-Wechselrichter-Steuerungssystem in Verbindung mit der Pr\u00e4zisionssteuerung der Motorbeschleunigung sorgt f\u00fcr eine geringere Ger\u00e4uschentwicklung der Zugmaschine. Sie verk\u00f6rpert die Idee des \"menschenorientierten\" Designs und schafft einen warmen und komfortablen Raum f\u00fcr \u00c4rzte und Patienten. Es ist bequem f\u00fcr Betten, Rollst\u00fchle und Trolleys durch die Konfiguration einer flachen Schicht-Funktion zugreifen; auch das Krankenhaus Aufzug spielt seine medizinische Rolle, um die schnelle Rettung von Patienten zu erleichtern ausdr\u00fccken.<\/p>\n\n\n\n<div style=\"height:10px\" aria-hidden=\"true\" class=\"wp-block-spacer\"><\/div>\n\n\n\n<div style=\"height:30px\" aria-hidden=\"true\" class=\"wp-block-spacer\"><\/div>\n\n\n\n<figure class=\"wp-block-image size-full\"><img fetchpriority=\"high\" decoding=\"async\" width=\"826\" height=\"352\" src=\"https:\/\/sunrise-elevators.com\/wp-content\/uploads\/2025\/05\/\u5fae\u4fe1\u56fe\u7247_20250509191909.png\" alt=\"\" class=\"wp-image-3401\" srcset=\"https:\/\/sunrise-elevators.com\/wp-content\/uploads\/2025\/05\/\u5fae\u4fe1\u56fe\u7247_20250509191909.png 826w, https:\/\/sunrise-elevators.com\/wp-content\/uploads\/2025\/05\/\u5fae\u4fe1\u56fe\u7247_20250509191909-300x128.png 300w, https:\/\/sunrise-elevators.com\/wp-content\/uploads\/2025\/05\/\u5fae\u4fe1\u56fe\u7247_20250509191909-768x327.png 768w, https:\/\/sunrise-elevators.com\/wp-content\/uploads\/2025\/05\/\u5fae\u4fe1\u56fe\u7247_20250509191909-600x256.png 600w\" sizes=\"(max-width: 826px) 100vw, 826px\" \/><\/figure>\n\n\n\n<figure class=\"wp-block-image size-large\"><img decoding=\"async\" width=\"735\" height=\"1024\" src=\"https:\/\/sunrise-elevators.com\/wp-content\/uploads\/2025\/05\/1bc35b40-735x1024.jpg\" alt=\"\" class=\"wp-image-3402\" srcset=\"https:\/\/sunrise-elevators.com\/wp-content\/uploads\/2025\/05\/1bc35b40-735x1024.jpg 735w, https:\/\/sunrise-elevators.com\/wp-content\/uploads\/2025\/05\/1bc35b40-215x300.jpg 215w, https:\/\/sunrise-elevators.com\/wp-content\/uploads\/2025\/05\/1bc35b40-768x1070.jpg 768w, https:\/\/sunrise-elevators.com\/wp-content\/uploads\/2025\/05\/1bc35b40-1102x1536.jpg 1102w, https:\/\/sunrise-elevators.com\/wp-content\/uploads\/2025\/05\/1bc35b40-600x836.jpg 600w, https:\/\/sunrise-elevators.com\/wp-content\/uploads\/2025\/05\/1bc35b40.jpg 1300w\" sizes=\"(max-width: 735px) 100vw, 735px\" \/><\/figure>\n\n\n\n<p><\/p>\n\n\n\n<p class=\"has-text-align-left\"><\/p>\n\n\n\n\n\n\n\n<p><\/p>","protected":false},"excerpt":{"rendered":"<p>Die SUNRISE-Krankenhausaufzugserie, die aus hochfesten Materialien hergestellt und mit einem kompletten Satz hochmoderner Ausr\u00fcstung ausgestattet ist, l\u00e4uft reibungslos und bequem, um den Bed\u00fcrfnissen dringender Patiententransporte gerecht zu werden. Unter Einhaltung des konsequenten humanisierten Designs wird die Gruppensteuerungstechnologie eingesetzt, um den intelligenten Betrieb des Aufzugs zu realisieren und die Wartezeit der Patienten auf ein Minimum zu verk\u00fcrzen.<\/p>\n<ul>\n<li><strong>Geschwindigkeit: 1,0 - 1,75 m\/s<\/strong><\/li>\n<li><strong>Min. Bestellmenge: 1 St\u00fcck<\/strong><\/li>\n<li><strong>Lieferf\u00e4higkeit: 1000 St\u00fcck pro Monat<\/strong><\/li>\n<\/ul>","protected":false},"featured_media":3396,"comment_status":"open","ping_status":"closed","template":"","meta":[],"product_brand":[180],"product_cat":[15],"product_tag":[198,199,200,201,202],"class_list":{"0":"post-3395","1":"product","2":"type-product","3":"status-publish","4":"has-post-thumbnail","6":"product_brand-sunrise","7":"product_cat-lifts","8":"product_tag-disabled-hospital-lift","9":"product_tag-hospital-elevator","10":"product_tag-hospital-lift","11":"product_tag-patients-hospital-elevator","12":"product_tag-stainless-steel-hospital-elevator","14":"first","15":"instock","16":"shipping-taxable","17":"product-type-simple"},"_links":{"self":[{"href":"https:\/\/sunrise-elevators.com\/de\/wp-json\/wp\/v2\/product\/3395","targetHints":{"allow":["GET"]}}],"collection":[{"href":"https:\/\/sunrise-elevators.com\/de\/wp-json\/wp\/v2\/product"}],"about":[{"href":"https:\/\/sunrise-elevators.com\/de\/wp-json\/wp\/v2\/types\/product"}],"replies":[{"embeddable":true,"href":"https:\/\/sunrise-elevators.com\/de\/wp-json\/wp\/v2\/comments?post=3395"}],"wp:featuredmedia":[{"embeddable":true,"href":"https:\/\/sunrise-elevators.com\/de\/wp-json\/wp\/v2\/media\/3396"}],"wp:attachment":[{"href":"https:\/\/sunrise-elevators.com\/de\/wp-json\/wp\/v2\/media?parent=3395"}],"wp:term":[{"taxonomy":"product_brand","embeddable":true,"href":"https:\/\/sunrise-elevators.com\/de\/wp-json\/wp\/v2\/product_brand?post=3395"},{"taxonomy":"product_cat","embeddable":true,"href":"https:\/\/sunrise-elevators.com\/de\/wp-json\/wp\/v2\/product_cat?post=3395"},{"taxonomy":"product_tag","embeddable":true,"href":"https:\/\/sunrise-elevators.com\/de\/wp-json\/wp\/v2\/product_tag?post=3395"}],"curies":[{"name":"wp","href":"https:\/\/api.w.org\/{rel}","templated":true}]}}