{"id":3354,"date":"2025-05-09T16:06:11","date_gmt":"2025-05-09T08:06:11","guid":{"rendered":"https:\/\/sunrise-elevators.com\/?post_type=product&#038;p=3354"},"modified":"2025-05-09T17:17:14","modified_gmt":"2025-05-09T09:17:14","slug":"hausaufzug","status":"publish","type":"product","link":"https:\/\/sunrise-elevators.com\/de\/product\/hausaufzug\/","title":{"rendered":"Hausaufzug (Villa Elevator)"},"content":{"rendered":"<div style=\"height:20px\" aria-hidden=\"true\" class=\"wp-block-spacer\"><\/div>\n\n\n\n<div class=\"wp-block-buttons is-content-justification-center is-layout-flex wp-container-core-buttons-is-layout-a89b3969 wp-block-buttons-is-layout-flex\">\n<div class=\"wp-block-button has-custom-width wp-block-button__width-75 is-style-fill\"><a class=\"wp-block-button__link has-white-color has-black-background-color has-text-color has-background has-link-color has-small-font-size has-text-align-center has-custom-font-size wp-element-button\" href=\"mailto:info@sunrise-elevators.com\" style=\"padding-top:20px;padding-right:20px;padding-bottom:20px;padding-left:20px\" target=\"_blank\" rel=\"noreferrer noopener\"><mark style=\"background-color:rgba(0, 0, 0, 0)\" class=\"has-inline-color has-white-color\">info@sunrise-elevators.com (Zur Anfrage klicken)<\/mark>&nbsp;&nbsp;<strong>Detailliertes Angebot und Zeichnung anfordern,&nbsp;<\/strong>&nbsp;<strong><mark style=\"background-color:rgba(0, 0, 0, 0)\" class=\"has-inline-color has-luminous-vivid-amber-color\">Immer zum besten Preis!<\/mark><\/strong><\/a><\/div>\n<\/div>\n\n\n\n<div style=\"height:30px\" aria-hidden=\"true\" class=\"wp-block-spacer\"><\/div>\n\n\n\n<p class=\"has-text-align-left\"><strong>Produktname in verschiedenen L\u00e4ndern<\/strong><\/p>\n\n\n\n<p>Hausaufzug, Haushaltsaufzug, Wohnungsaufzug, Villenaufzug, Hausaufzug, Haushaltsaufzug, Wohnungsaufzug, Villenaufzug. Hausaufzug<\/p>\n\n\n\n<p class=\"has-text-align-left\">Der SUNRISE-Heimaufzug h\u00e4lt sich an die Spitzentechnologie im Bereich der privaten Aufz\u00fcge weltweit. Er erbt das klassische internationale Design-Konzept und bringt einen luxuri\u00f6sen Traum in Ihr Haus. SUNRISE schafft einen sauberen und hellen Raum, der perfekt in die Harmonie Ihres Hauses passt. Es f\u00fcgt mehr von der Aufzug Interesse und erf\u00fcllt Ihr Haus Aufzug Traum. Mit dem SUNRISE-Heimaufzug k\u00f6nnen Sie das wunderbare Leben in vollen Z\u00fcgen genie\u00dfen.<\/p>\n\n\n\n<div style=\"height:10px\" aria-hidden=\"true\" class=\"wp-block-spacer\"><\/div>\n\n\n\n<figure class=\"wp-block-image size-large is-resized\"><img fetchpriority=\"high\" decoding=\"async\" width=\"697\" height=\"1024\" src=\"https:\/\/sunrise-elevators.com\/wp-content\/uploads\/2025\/05\/771f92ee-697x1024.jpg\" alt=\"\" class=\"wp-image-3360\" style=\"object-fit:cover;width:866px;height:1273px\" srcset=\"https:\/\/sunrise-elevators.com\/wp-content\/uploads\/2025\/05\/771f92ee-697x1024.jpg 697w, https:\/\/sunrise-elevators.com\/wp-content\/uploads\/2025\/05\/771f92ee-204x300.jpg 204w, https:\/\/sunrise-elevators.com\/wp-content\/uploads\/2025\/05\/771f92ee-768x1128.jpg 768w, https:\/\/sunrise-elevators.com\/wp-content\/uploads\/2025\/05\/771f92ee-1045x1536.jpg 1045w, https:\/\/sunrise-elevators.com\/wp-content\/uploads\/2025\/05\/771f92ee-600x882.jpg 600w, https:\/\/sunrise-elevators.com\/wp-content\/uploads\/2025\/05\/771f92ee.jpg 1300w\" sizes=\"(max-width: 697px) 100vw, 697px\" \/><\/figure>\n\n\n\n<figure class=\"wp-block-image aligncenter size-full is-resized\" style=\"margin-left:110px\"><img decoding=\"async\" width=\"1300\" height=\"1531\" src=\"https:\/\/sunrise-elevators.com\/wp-content\/uploads\/2025\/05\/d2bc84e0.jpg\" alt=\"\" class=\"wp-image-3361\" style=\"object-fit:contain;width:866px;height:1020px\" srcset=\"https:\/\/sunrise-elevators.com\/wp-content\/uploads\/2025\/05\/d2bc84e0.jpg 1300w, https:\/\/sunrise-elevators.com\/wp-content\/uploads\/2025\/05\/d2bc84e0-255x300.jpg 255w, https:\/\/sunrise-elevators.com\/wp-content\/uploads\/2025\/05\/d2bc84e0-869x1024.jpg 869w, https:\/\/sunrise-elevators.com\/wp-content\/uploads\/2025\/05\/d2bc84e0-768x904.jpg 768w, https:\/\/sunrise-elevators.com\/wp-content\/uploads\/2025\/05\/d2bc84e0-600x707.jpg 600w\" sizes=\"(max-width: 1300px) 100vw, 1300px\" \/><\/figure>\n\n\n\n<figure class=\"wp-block-image aligncenter size-full\" style=\"margin-left:210px\"><img decoding=\"async\" width=\"669\" height=\"827\" src=\"https:\/\/sunrise-elevators.com\/wp-content\/uploads\/2025\/05\/15.jpg\" alt=\"\" class=\"wp-image-3368\" srcset=\"https:\/\/sunrise-elevators.com\/wp-content\/uploads\/2025\/05\/15.jpg 669w, https:\/\/sunrise-elevators.com\/wp-content\/uploads\/2025\/05\/15-243x300.jpg 243w, https:\/\/sunrise-elevators.com\/wp-content\/uploads\/2025\/05\/15-600x742.jpg 600w\" sizes=\"(max-width: 669px) 100vw, 669px\" \/><\/figure>\n\n\n\n<figure class=\"wp-block-image size-full\" style=\"margin-left:90px\"><img loading=\"lazy\" decoding=\"async\" width=\"720\" height=\"879\" src=\"https:\/\/sunrise-elevators.com\/wp-content\/uploads\/2025\/05\/13.jpg\" alt=\"\" class=\"wp-image-3370\" srcset=\"https:\/\/sunrise-elevators.com\/wp-content\/uploads\/2025\/05\/13.jpg 720w, https:\/\/sunrise-elevators.com\/wp-content\/uploads\/2025\/05\/13-246x300.jpg 246w, https:\/\/sunrise-elevators.com\/wp-content\/uploads\/2025\/05\/13-600x733.jpg 600w\" sizes=\"(max-width: 720px) 100vw, 720px\" \/><\/figure>\n\n\n\n<div style=\"height:30px\" aria-hidden=\"true\" class=\"wp-block-spacer\"><\/div>\n\n\n\n<p class=\"has-text-align-left\"><\/p>\n\n\n\n\n\n\n\n<p><\/p>","protected":false},"excerpt":{"rendered":"<p>Hausaufzug, Haushaltsaufzug, Wohnungsaufzug, Villenaufzug, Hausaufzug, Haushaltsaufzug, Wohnungsaufzug, Villenaufzug. Haus Aufzug.<\/p>\n<ul>\n<li><strong>Geschwindigkeit: 0,3 - 0,5 m\/s<\/strong><\/li>\n<li><strong>Min. Bestellmenge: 1 St\u00fcck<\/strong><\/li>\n<li><strong>Lieferf\u00e4higkeit: 1000 St\u00fcck pro Monat<\/strong><\/li>\n<\/ul>","protected":false},"featured_media":3355,"comment_status":"open","ping_status":"closed","template":"","meta":[],"product_brand":[180],"product_cat":[15],"product_tag":[188,189,190,191,192],"class_list":{"0":"post-3354","1":"product","2":"type-product","3":"status-publish","4":"has-post-thumbnail","6":"product_brand-sunrise","7":"product_cat-lifts","8":"product_tag-chinese-home-lift","9":"product_tag-home-lift","10":"product_tag-home-lift-cost","11":"product_tag-home-lift-price","12":"product_tag-how-much-for-a-home-lift","14":"first","15":"instock","16":"shipping-taxable","17":"product-type-simple"},"_links":{"self":[{"href":"https:\/\/sunrise-elevators.com\/de\/wp-json\/wp\/v2\/product\/3354","targetHints":{"allow":["GET"]}}],"collection":[{"href":"https:\/\/sunrise-elevators.com\/de\/wp-json\/wp\/v2\/product"}],"about":[{"href":"https:\/\/sunrise-elevators.com\/de\/wp-json\/wp\/v2\/types\/product"}],"replies":[{"embeddable":true,"href":"https:\/\/sunrise-elevators.com\/de\/wp-json\/wp\/v2\/comments?post=3354"}],"wp:featuredmedia":[{"embeddable":true,"href":"https:\/\/sunrise-elevators.com\/de\/wp-json\/wp\/v2\/media\/3355"}],"wp:attachment":[{"href":"https:\/\/sunrise-elevators.com\/de\/wp-json\/wp\/v2\/media?parent=3354"}],"wp:term":[{"taxonomy":"product_brand","embeddable":true,"href":"https:\/\/sunrise-elevators.com\/de\/wp-json\/wp\/v2\/product_brand?post=3354"},{"taxonomy":"product_cat","embeddable":true,"href":"https:\/\/sunrise-elevators.com\/de\/wp-json\/wp\/v2\/product_cat?post=3354"},{"taxonomy":"product_tag","embeddable":true,"href":"https:\/\/sunrise-elevators.com\/de\/wp-json\/wp\/v2\/product_tag?post=3354"}],"curies":[{"name":"wp","href":"https:\/\/api.w.org\/{rel}","templated":true}]}}