{"id":1970,"date":"2025-02-02T18:48:43","date_gmt":"2025-02-02T10:48:43","guid":{"rendered":"https:\/\/sunrise-elevators.com\/?post_type=product&#038;p=1970"},"modified":"2025-05-09T15:57:56","modified_gmt":"2025-05-09T07:57:56","slug":"personenaufzug","status":"publish","type":"product","link":"https:\/\/sunrise-elevators.com\/de\/product\/personenaufzug\/","title":{"rendered":"Personenaufzug"},"content":{"rendered":"<div style=\"height:20px\" aria-hidden=\"true\" class=\"wp-block-spacer\"><\/div>\n\n\n\n<div class=\"wp-block-buttons is-content-justification-center is-layout-flex wp-container-core-buttons-is-layout-a89b3969 wp-block-buttons-is-layout-flex\">\n<div class=\"wp-block-button has-custom-width wp-block-button__width-75 is-style-fill\"><a class=\"wp-block-button__link has-white-color has-black-background-color has-text-color has-background has-link-color has-small-font-size has-text-align-center has-custom-font-size wp-element-button\" href=\"mailto:info@sunrise-elevators.com\" style=\"padding-top:20px;padding-right:20px;padding-bottom:20px;padding-left:20px\" target=\"_blank\" rel=\"noreferrer noopener\"><mark style=\"background-color:rgba(0, 0, 0, 0)\" class=\"has-inline-color has-white-color\">info@sunrise-elevators.com (Zur Anfrage klicken)<\/mark>&nbsp;&nbsp;<strong>Detailliertes Angebot und Zeichnung anfordern,&nbsp;<\/strong>&nbsp;<strong><mark style=\"background-color:rgba(0, 0, 0, 0)\" class=\"has-inline-color has-luminous-vivid-amber-color\">Immer zum besten Preis!<\/mark><\/strong><\/a><\/div>\n<\/div>\n\n\n\n<div style=\"height:30px\" aria-hidden=\"true\" class=\"wp-block-spacer\"><\/div>\n\n\n\n<p class=\"has-text-align-left\">Wir w\u00e4hlen Seltene-Erden-Materialien und kombinieren die koaxiale \u00dcbertragungstechnologie und die digitale variable Frequenztechnologie mit einer kombinierten Gruppencomputer-Steuerungstechnologie. Mit weniger Betriebskosten und weniger Energie verbraucht. Verglichen mit der gew\u00f6hnlichen und traditionellen Technologie, kann die getriebelose Traktionsmaschine mehr als 40% der Energie sparen. Die getriebelose Traktionsmaschine ben\u00f6tigt keine Erneuerung des Schmiermittels. Der Motor ist ger\u00e4uscharm, leise und nat\u00fcrlich.<\/p>\n\n\n\n<div style=\"height:10px\" aria-hidden=\"true\" class=\"wp-block-spacer\"><\/div>\n\n\n\n<p class=\"has-text-align-left\"><strong>Spezifikation<\/strong><br>1. Personen:6-21<br>2. Geschwindigkeit:1.0-<strong>7.0<\/strong>m\/s<br>3. Belastung:450kg \/ 630kg \/ 800kg \/ 1000kg \/ 1150kg \/ 1350kg \/ 1600kg<br>4. Traktionsmaschine:\u00a0<strong>Getriebelos<\/strong><br>5. Maschinenraumlos(MRL) \/ Kleiner Maschinenraum(MR)<\/p>\n\n\n\n<div class=\"wp-block-buttons is-content-justification-center is-layout-flex wp-container-core-buttons-is-layout-b5994976 wp-block-buttons-is-layout-flex\">\n<div class=\"wp-block-button\"><a class=\"wp-block-button__link has-white-color has-cyan-bluish-gray-background-color has-text-color has-background has-link-color has-medium-font-size has-text-align-center has-custom-font-size wp-element-button\">&nbsp;MRL-TYP<\/a><\/div>\n<\/div>\n\n\n\n<figure class=\"wp-block-image size-full\"><img fetchpriority=\"high\" decoding=\"async\" width=\"981\" height=\"686\" src=\"https:\/\/sunrise-elevators.com\/wp-content\/uploads\/2025\/02\/\u4e58\u5ba2\u7535\u68af\u53c2\u65701.png\" alt=\"\" class=\"wp-image-3329\" srcset=\"https:\/\/sunrise-elevators.com\/wp-content\/uploads\/2025\/02\/\u4e58\u5ba2\u7535\u68af\u53c2\u65701.png 981w, https:\/\/sunrise-elevators.com\/wp-content\/uploads\/2025\/02\/\u4e58\u5ba2\u7535\u68af\u53c2\u65701-300x210.png 300w, https:\/\/sunrise-elevators.com\/wp-content\/uploads\/2025\/02\/\u4e58\u5ba2\u7535\u68af\u53c2\u65701-768x537.png 768w, https:\/\/sunrise-elevators.com\/wp-content\/uploads\/2025\/02\/\u4e58\u5ba2\u7535\u68af\u53c2\u65701-600x420.png 600w\" sizes=\"(max-width: 981px) 100vw, 981px\" \/><\/figure>\n\n\n\n<div style=\"height:30px\" aria-hidden=\"true\" class=\"wp-block-spacer\"><\/div>\n\n\n\n<div class=\"wp-block-buttons is-content-justification-center is-layout-flex wp-container-core-buttons-is-layout-b5994976 wp-block-buttons-is-layout-flex\">\n<div class=\"wp-block-button\"><a class=\"wp-block-button__link has-white-color has-cyan-bluish-gray-background-color has-text-color has-background has-link-color has-medium-font-size has-text-align-center has-custom-font-size wp-element-button\">&nbsp;&nbsp;MR-TYP<\/a><\/div>\n<\/div>\n\n\n\n<figure class=\"wp-block-image size-full\"><img decoding=\"async\" width=\"982\" height=\"982\" src=\"https:\/\/sunrise-elevators.com\/wp-content\/uploads\/2025\/02\/\u4e58\u5ba2\u7535\u68af\u53c2\u65702.png\" alt=\"\" class=\"wp-image-3331\" srcset=\"https:\/\/sunrise-elevators.com\/wp-content\/uploads\/2025\/02\/\u4e58\u5ba2\u7535\u68af\u53c2\u65702.png 982w, https:\/\/sunrise-elevators.com\/wp-content\/uploads\/2025\/02\/\u4e58\u5ba2\u7535\u68af\u53c2\u65702-300x300.png 300w, https:\/\/sunrise-elevators.com\/wp-content\/uploads\/2025\/02\/\u4e58\u5ba2\u7535\u68af\u53c2\u65702-150x150.png 150w, https:\/\/sunrise-elevators.com\/wp-content\/uploads\/2025\/02\/\u4e58\u5ba2\u7535\u68af\u53c2\u65702-768x768.png 768w, https:\/\/sunrise-elevators.com\/wp-content\/uploads\/2025\/02\/\u4e58\u5ba2\u7535\u68af\u53c2\u65702-600x600.png 600w, https:\/\/sunrise-elevators.com\/wp-content\/uploads\/2025\/02\/\u4e58\u5ba2\u7535\u68af\u53c2\u65702-100x100.png 100w\" sizes=\"(max-width: 982px) 100vw, 982px\" \/><\/figure>\n\n\n\n<figure class=\"wp-block-image size-large\"><img decoding=\"async\" width=\"767\" height=\"1024\" src=\"https:\/\/sunrise-elevators.com\/wp-content\/uploads\/2025\/02\/3-1-767x1024.jpg\" alt=\"\" class=\"wp-image-3332\" srcset=\"https:\/\/sunrise-elevators.com\/wp-content\/uploads\/2025\/02\/3-1-767x1024.jpg 767w, https:\/\/sunrise-elevators.com\/wp-content\/uploads\/2025\/02\/3-1-225x300.jpg 225w, https:\/\/sunrise-elevators.com\/wp-content\/uploads\/2025\/02\/3-1-768x1025.jpg 768w, https:\/\/sunrise-elevators.com\/wp-content\/uploads\/2025\/02\/3-1-1151x1536.jpg 1151w, https:\/\/sunrise-elevators.com\/wp-content\/uploads\/2025\/02\/3-1-600x801.jpg 600w, https:\/\/sunrise-elevators.com\/wp-content\/uploads\/2025\/02\/3-1.jpg 1300w\" sizes=\"(max-width: 767px) 100vw, 767px\" \/><\/figure>\n\n\n\n<figure class=\"wp-block-image size-large\"><img loading=\"lazy\" decoding=\"async\" width=\"1300\" height=\"1719\" src=\"https:\/\/sunrise-elevators.com\/wp-content\/uploads\/2025\/02\/4-774x1024.jpg\" alt=\"\" class=\"wp-image-3334\" srcset=\"https:\/\/sunrise-elevators.com\/wp-content\/uploads\/2025\/02\/4-774x1024.jpg 774w, https:\/\/sunrise-elevators.com\/wp-content\/uploads\/2025\/02\/4-227x300.jpg 227w, https:\/\/sunrise-elevators.com\/wp-content\/uploads\/2025\/02\/4-768x1016.jpg 768w, https:\/\/sunrise-elevators.com\/wp-content\/uploads\/2025\/02\/4-1162x1536.jpg 1162w, https:\/\/sunrise-elevators.com\/wp-content\/uploads\/2025\/02\/4-600x793.jpg 600w, https:\/\/sunrise-elevators.com\/wp-content\/uploads\/2025\/02\/4.jpg 1300w\" sizes=\"(max-width: 1300px) 100vw, 1300px\" \/><\/figure>\n\n\n\n\n\n\n\n<p><\/p>","protected":false},"excerpt":{"rendered":"<p>Die SUNRISE-Personenaufzugserie bietet Ihnen fortschrittliche L\u00f6sungen f\u00fcr den Personenverkehr, eine sanfte und ruhige Fahrt. Ausgestattet mit einer neuen Generation von Permanentmagnet-Synchron- und getriebelosen Antriebsmaschinen, einer fortschrittlichen und gro\u00dfartigen Steuerungstechnologie, zeigt der SUNRISE beeindruckende Energiesparf\u00e4higkeiten.<\/p>\n<ul>\n<li><strong>Geschwindigkeit: 1,0 - 7,0 m\/s<\/strong><\/li>\n<li><strong>Min. Bestellmenge: 1 St\u00fcck<\/strong><\/li>\n<li><strong>Lieferf\u00e4higkeit: 1000 St\u00fcck pro Monat<\/strong><\/li>\n<\/ul>","protected":false},"featured_media":3312,"comment_status":"open","ping_status":"closed","template":"","meta":[],"product_brand":[180],"product_cat":[15],"product_tag":[182,183,184,185,186,187],"class_list":{"0":"post-1970","1":"product","2":"type-product","3":"status-publish","4":"has-post-thumbnail","6":"product_brand-sunrise","7":"product_cat-lifts","8":"product_tag-capsule-passenger-elevator","9":"product_tag-passenger-elevator","10":"product_tag-passenger-escalator","11":"product_tag-passenger-lift","12":"product_tag-passenger-lift-elevator","13":"product_tag-vertical-passenger-elevator","15":"first","16":"instock","17":"shipping-taxable","18":"product-type-simple"},"_links":{"self":[{"href":"https:\/\/sunrise-elevators.com\/de\/wp-json\/wp\/v2\/product\/1970","targetHints":{"allow":["GET"]}}],"collection":[{"href":"https:\/\/sunrise-elevators.com\/de\/wp-json\/wp\/v2\/product"}],"about":[{"href":"https:\/\/sunrise-elevators.com\/de\/wp-json\/wp\/v2\/types\/product"}],"replies":[{"embeddable":true,"href":"https:\/\/sunrise-elevators.com\/de\/wp-json\/wp\/v2\/comments?post=1970"}],"wp:featuredmedia":[{"embeddable":true,"href":"https:\/\/sunrise-elevators.com\/de\/wp-json\/wp\/v2\/media\/3312"}],"wp:attachment":[{"href":"https:\/\/sunrise-elevators.com\/de\/wp-json\/wp\/v2\/media?parent=1970"}],"wp:term":[{"taxonomy":"product_brand","embeddable":true,"href":"https:\/\/sunrise-elevators.com\/de\/wp-json\/wp\/v2\/product_brand?post=1970"},{"taxonomy":"product_cat","embeddable":true,"href":"https:\/\/sunrise-elevators.com\/de\/wp-json\/wp\/v2\/product_cat?post=1970"},{"taxonomy":"product_tag","embeddable":true,"href":"https:\/\/sunrise-elevators.com\/de\/wp-json\/wp\/v2\/product_tag?post=1970"}],"curies":[{"name":"wp","href":"https:\/\/api.w.org\/{rel}","templated":true}]}}